{"id":1403,"date":"2025-01-10T20:00:10","date_gmt":"2025-01-10T18:00:10","guid":{"rendered":"https:\/\/www.peuratrail.fi\/?page_id=1403"},"modified":"2025-07-02T11:25:06","modified_gmt":"2025-07-02T08:25:06","slug":"outdoor-event-for-the-whole-family","status":"publish","type":"page","link":"https:\/\/www.peuratrail.fi\/en\/outdoor-event-for-the-whole-family\/","title":{"rendered":"Moomin camping school"},"content":{"rendered":"<div data-elementor-type=\"wp-page\" data-elementor-id=\"1403\" class=\"elementor elementor-1403\" data-elementor-post-type=\"page\">\n\t\t\t\t<div class=\"elementor-element elementor-element-79c7d0c e-flex e-con-boxed e-con e-parent\" data-id=\"79c7d0c\" data-element_type=\"container\" data-e-type=\"container\">\n\t\t\t\t\t<div class=\"e-con-inner\">\n\t\t\t\t<div class=\"elementor-element elementor-element-ca6a727 elementor-widget elementor-widget-heading\" data-id=\"ca6a727\" data-element_type=\"widget\" data-e-type=\"widget\" data-widget_type=\"heading.default\">\n\t\t\t\t\t<h2 class=\"elementor-heading-title elementor-size-default\">Moomin camping school<\/h2>\t\t\t\t<\/div>\n\t\t\t\t<div class=\"elementor-element elementor-element-7936858 elementor-widget elementor-widget-heading\" data-id=\"7936858\" data-element_type=\"widget\" data-e-type=\"widget\" data-widget_type=\"heading.default\">\n\t\t\t\t\t<h3 class=\"elementor-heading-title elementor-size-default\">Sat 5 July 11 am\u20135 pm<\/h3>\t\t\t\t<\/div>\n\t\t\t\t\t<\/div>\n\t\t\t\t<\/div>\n\t\t<div class=\"elementor-element elementor-element-9284596 e-flex e-con-boxed e-con e-parent\" data-id=\"9284596\" data-element_type=\"container\" data-e-type=\"container\">\n\t\t\t\t\t<div class=\"e-con-inner\">\n\t\t<div class=\"elementor-element elementor-element-190a244 e-con-full e-flex e-con e-child\" data-id=\"190a244\" data-element_type=\"container\" data-e-type=\"container\">\n\t\t\t\t<div class=\"elementor-element elementor-element-8811fb2 elementor-widget elementor-widget-heading\" data-id=\"8811fb2\" data-element_type=\"widget\" data-e-type=\"widget\" data-widget_type=\"heading.default\">\n\t\t\t\t\t<h2 class=\"elementor-heading-title elementor-size-default\">The number one summer destination for children<\/h2>\t\t\t\t<\/div>\n\t\t\t\t<div class=\"elementor-element elementor-element-523297a elementor-widget elementor-widget-text-editor\" data-id=\"523297a\" data-element_type=\"widget\" data-e-type=\"widget\" data-widget_type=\"text-editor.default\">\n\t\t\t\t\t\t\t\t\t<p>As part of the Deer Trail, a great outdoor adventure event for the whole family will be held, where children will have the opportunity to go on adventures with the adorable Moomins.<\/p><p>Moominpenny will be there to delight children and those with a child-like spirit throughout the event. In addition, there will be plush Moomins at the event points.<\/p><p>Collect Moomin stickers for your adventure pass by participating in the activity points and you will be entered into the Kupilka product raffle.<\/p>\t\t\t\t\t\t\t\t<\/div>\n\t\t\t\t<div class=\"elementor-element elementor-element-f893fcc elementor-widget elementor-widget-heading\" data-id=\"f893fcc\" data-element_type=\"widget\" data-e-type=\"widget\" data-widget_type=\"heading.default\">\n\t\t\t\t\t<h3 class=\"elementor-heading-title elementor-size-default\">Operational points<\/h3>\t\t\t\t<\/div>\n\t\t\t\t<div class=\"elementor-element elementor-element-d4562b6 elementor-widget elementor-widget-text-editor\" data-id=\"d4562b6\" data-element_type=\"widget\" data-e-type=\"widget\" data-widget_type=\"text-editor.default\">\n\t\t\t\t\t\t\t\t\t<ul><li>Snacks and camping stoves<\/li><li>Little My and sculpture<\/li><li>Snufkin&#039;s tent<\/li><li>Everyone&#039;s rights<\/li><li>Snooze like the Moomins<\/li><li>Loupes and summer bingo<\/li><\/ul><p>The Pet\u00e4j\u00e4m\u00e4ki Outdoor Recreation Center&#039;s adventure forest, outdoor trails, fitness stairs and part of the frisbee golf course are available for outdoor activities.<\/p>\t\t\t\t\t\t\t\t<\/div>\n\t\t\t\t<div class=\"elementor-element elementor-element-570fd95 elementor-widget elementor-widget-heading\" data-id=\"570fd95\" data-element_type=\"widget\" data-e-type=\"widget\" data-widget_type=\"heading.default\">\n\t\t\t\t\t<h3 class=\"elementor-heading-title elementor-size-default\">Campfire kiosk<\/h3>\t\t\t\t<\/div>\n\t\t\t\t<div class=\"elementor-element elementor-element-543ccd2 elementor-widget elementor-widget-text-editor\" data-id=\"543ccd2\" data-element_type=\"widget\" data-e-type=\"widget\" data-widget_type=\"text-editor.default\">\n\t\t\t\t\t\t\t\t\t<p>Moominmamma&#039;s Campfire Kiosk is a great place to buy delicious treats while you&#039;re out and about. The campfire kiosk sells pizza, pancakes, buns, sausages and drinks. You can also get treats in gluten-free, dairy-free and vegan options.<\/p><p>Bring your own reusable mug to save money and the environment.<\/p>\t\t\t\t\t\t\t\t<\/div>\n\t\t\t\t<div class=\"elementor-element elementor-element-b6bab4d elementor-widget elementor-widget-text-editor\" data-id=\"b6bab4d\" data-element_type=\"widget\" data-e-type=\"widget\" data-widget_type=\"text-editor.default\">\n\t\t\t\t\t\t\t\t\t<p>PS. Children also have their own trail running trips. See <strong><a href=\"https:\/\/www.peuratrail.fi\/en\/childrens-deer-trail\/\">Children&#039;s Deer Trail<\/a><\/strong>.<\/p>\t\t\t\t\t\t\t\t<\/div>\n\t\t\t\t<div class=\"elementor-element elementor-element-eab4d07 elementor-widget elementor-widget-image\" data-id=\"eab4d07\" data-element_type=\"widget\" data-e-type=\"widget\" data-widget_type=\"image.default\">\n\t\t\t\t\t\t\t\t\t\t\t\t\t\t\t<img fetchpriority=\"high\" decoding=\"async\" width=\"450\" height=\"360\" src=\"https:\/\/www.peuratrail.fi\/wp-content\/uploads\/2025\/01\/muumipappa-450x360cq85.jpg\" class=\"attachment-large size-large wp-image-1406\" alt=\"\" srcset=\"https:\/\/www.peuratrail.fi\/wp-content\/uploads\/2025\/01\/muumipappa-450x360cq85.jpg 450w, https:\/\/www.peuratrail.fi\/wp-content\/uploads\/2025\/01\/muumipappa-450x360cq85-300x240.jpg 300w, https:\/\/www.peuratrail.fi\/wp-content\/uploads\/2025\/01\/muumipappa-450x360cq85-15x12.jpg 15w\" sizes=\"(max-width: 450px) 100vw, 450px\" \/>\t\t\t\t\t\t\t\t\t\t\t\t\t\t\t<\/div>\n\t\t\t\t<div class=\"elementor-element elementor-element-29451d0 elementor-widget elementor-widget-image\" data-id=\"29451d0\" data-element_type=\"widget\" data-e-type=\"widget\" data-widget_type=\"image.default\">\n\t\t\t\t\t\t\t\t\t\t\t\t\t\t\t\t<a href=\"https:\/\/www.facebook.com\/maaselanlatu\/\">\n\t\t\t\t\t\t\t<img decoding=\"async\" width=\"800\" height=\"234\" src=\"https:\/\/www.peuratrail.fi\/wp-content\/uploads\/2025\/01\/maaselanlatu.png\" class=\"attachment-large size-large wp-image-1422\" alt=\"\" srcset=\"https:\/\/www.peuratrail.fi\/wp-content\/uploads\/2025\/01\/maaselanlatu.png 1024w, https:\/\/www.peuratrail.fi\/wp-content\/uploads\/2025\/01\/maaselanlatu-600x175.png 600w, https:\/\/www.peuratrail.fi\/wp-content\/uploads\/2025\/01\/maaselanlatu-300x88.png 300w, https:\/\/www.peuratrail.fi\/wp-content\/uploads\/2025\/01\/maaselanlatu-768x224.png 768w, https:\/\/www.peuratrail.fi\/wp-content\/uploads\/2025\/01\/maaselanlatu-18x5.png 18w\" sizes=\"(max-width: 800px) 100vw, 800px\" \/>\t\t\t\t\t\t\t\t<\/a>\n\t\t\t\t\t\t\t\t\t\t\t\t\t\t\t<\/div>\n\t\t\t\t<\/div>\n\t\t<div class=\"elementor-element elementor-element-888809b e-flex e-con-boxed e-con e-child\" data-id=\"888809b\" data-element_type=\"container\" data-e-type=\"container\">\n\t\t\t\t\t<div class=\"e-con-inner\">\n\t\t\t\t<div class=\"elementor-element elementor-element-55f42fc elementor-widget elementor-widget-image\" data-id=\"55f42fc\" data-element_type=\"widget\" data-e-type=\"widget\" data-widget_type=\"image.default\">\n\t\t\t\t\t\t\t\t\t\t\t\t\t\t\t<img decoding=\"async\" width=\"800\" height=\"534\" src=\"https:\/\/www.peuratrail.fi\/wp-content\/uploads\/2025\/05\/465275522_9047970128556467_4282568171117952886_n-1024x683.jpg\" class=\"attachment-large size-large wp-image-1716\" alt=\"\" srcset=\"https:\/\/www.peuratrail.fi\/wp-content\/uploads\/2025\/05\/465275522_9047970128556467_4282568171117952886_n-1024x683.jpg 1024w, https:\/\/www.peuratrail.fi\/wp-content\/uploads\/2025\/05\/465275522_9047970128556467_4282568171117952886_n-600x400.jpg 600w, https:\/\/www.peuratrail.fi\/wp-content\/uploads\/2025\/05\/465275522_9047970128556467_4282568171117952886_n-300x200.jpg 300w, https:\/\/www.peuratrail.fi\/wp-content\/uploads\/2025\/05\/465275522_9047970128556467_4282568171117952886_n-768x512.jpg 768w, https:\/\/www.peuratrail.fi\/wp-content\/uploads\/2025\/05\/465275522_9047970128556467_4282568171117952886_n-18x12.jpg 18w, https:\/\/www.peuratrail.fi\/wp-content\/uploads\/2025\/05\/465275522_9047970128556467_4282568171117952886_n.jpg 1350w\" sizes=\"(max-width: 800px) 100vw, 800px\" \/>\t\t\t\t\t\t\t\t\t\t\t\t\t\t\t<\/div>\n\t\t\t\t\t<\/div>\n\t\t\t\t<\/div>\n\t\t\t\t\t<\/div>\n\t\t\t\t<\/div>\n\t\t<div class=\"elementor-element elementor-element-ccf7024 e-flex e-con-boxed e-con e-parent\" data-id=\"ccf7024\" data-element_type=\"container\" data-e-type=\"container\">\n\t\t\t\t\t<div class=\"e-con-inner\">\n\t\t\t\t\t<\/div>\n\t\t\t\t<\/div>\n\t\t\t\t<\/div>","protected":false},"excerpt":{"rendered":"<p>Muumien retkeilykoulu la 5.7. klo 11\u201317 Lasten kes\u00e4n ykk\u00f6skohde Osana Peura Trailia j\u00e4rjestet\u00e4\u00e4n mahtava koko perheen ulukoilimatapahtuma, jossa lapset p\u00e4\u00e4sev\u00e4t seikkailemaan ihastuttavien Muumien kanssa. Muumipeikko on ilahduttamassa lapsia ja lapsenmielisi\u00e4 koko tapahtuman ajan. Lis\u00e4ksi tapahtumapisteiss\u00e4 on pehmomuumeja. Ker\u00e4\u00e4 seikkailupassiin Muumitarroja osallistumalla toimintapisteiden tekemiseen ja p\u00e4\u00e4set osallistumaan Kupilka tuotteiden arvontaan. Toimintapisteet Nipsu ja retkikeittimet Pikku Myy [&hellip;]<\/p>","protected":false},"author":1,"featured_media":0,"parent":0,"menu_order":0,"comment_status":"closed","ping_status":"closed","template":"","meta":{"inline_featured_image":false,"footnotes":""},"class_list":["post-1403","page","type-page","status-publish","hentry"],"_links":{"self":[{"href":"https:\/\/www.peuratrail.fi\/en\/wp-json\/wp\/v2\/pages\/1403","targetHints":{"allow":["GET"]}}],"collection":[{"href":"https:\/\/www.peuratrail.fi\/en\/wp-json\/wp\/v2\/pages"}],"about":[{"href":"https:\/\/www.peuratrail.fi\/en\/wp-json\/wp\/v2\/types\/page"}],"author":[{"embeddable":true,"href":"https:\/\/www.peuratrail.fi\/en\/wp-json\/wp\/v2\/users\/1"}],"replies":[{"embeddable":true,"href":"https:\/\/www.peuratrail.fi\/en\/wp-json\/wp\/v2\/comments?post=1403"}],"version-history":[{"count":37,"href":"https:\/\/www.peuratrail.fi\/en\/wp-json\/wp\/v2\/pages\/1403\/revisions"}],"predecessor-version":[{"id":2113,"href":"https:\/\/www.peuratrail.fi\/en\/wp-json\/wp\/v2\/pages\/1403\/revisions\/2113"}],"wp:attachment":[{"href":"https:\/\/www.peuratrail.fi\/en\/wp-json\/wp\/v2\/media?parent=1403"}],"curies":[{"name":"wp","href":"https:\/\/api.w.org\/{rel}","templated":true}]}}