{"id":2215,"date":"2025-07-06T11:13:16","date_gmt":"2025-07-06T08:13:16","guid":{"rendered":"https:\/\/www.peuratrail.fi\/?page_id=2215"},"modified":"2025-07-06T14:55:03","modified_gmt":"2025-07-06T11:55:03","slug":"pictures","status":"publish","type":"page","link":"https:\/\/www.peuratrail.fi\/en\/pictures\/","title":{"rendered":"Pictures"},"content":{"rendered":"<div data-elementor-type=\"wp-page\" data-elementor-id=\"2215\" class=\"elementor elementor-2215\" data-elementor-post-type=\"page\">\n\t\t\t\t<div class=\"elementor-element elementor-element-5f0c3b7 e-flex e-con-boxed e-con e-parent\" data-id=\"5f0c3b7\" data-element_type=\"container\">\n\t\t\t\t\t<div class=\"e-con-inner\">\n\t\t<div class=\"elementor-element elementor-element-6485adb e-con-full e-flex e-con e-child\" data-id=\"6485adb\" data-element_type=\"container\">\n\t\t\t\t<div class=\"elementor-element elementor-element-e47de6a elementor-widget elementor-widget-heading\" data-id=\"e47de6a\" data-element_type=\"widget\" data-widget_type=\"heading.default\">\n\t\t\t\t\t<h2 class=\"elementor-heading-title elementor-size-default\">Jyrki&#039;s pictures<\/h2>\t\t\t\t<\/div>\n\t\t\t\t<div class=\"elementor-element elementor-element-5a0cca4 elementor-widget elementor-widget-text-editor\" data-id=\"5a0cca4\" data-element_type=\"widget\" data-widget_type=\"text-editor.default\">\n\t\t\t\t\t\t\t\t\t<p>Photos by Jyrki Liikanen, photo@jyrkiliikanen.fi.<\/p><p>Publication of images is free, sale to a third party must be agreed separately with 3 Kreis\u00e4 and Jyrki Liikanen.<\/p><p>It is advisable to include the photographer&#039;s name in social media posts. Instagram @leekanen.<\/p><p>You can also tag @3kreis and use the hashtag #peuratrail.<\/p>\t\t\t\t\t\t\t\t<\/div>\n\t\t\t\t<div class=\"elementor-element elementor-element-62ea639 elementor-align-center elementor-widget elementor-widget-button\" data-id=\"62ea639\" data-element_type=\"widget\" data-widget_type=\"button.default\">\n\t\t\t\t\t\t\t\t\t\t<a class=\"elementor-button elementor-button-link elementor-size-md\" href=\"https:\/\/jleekane.kuvat.fi\/i\/EGjzdXepgPu8BHk9KTQfDwAUtxR2ymNV\/kuvat\/Peura+Trail+polkujuokutapahtuma,+Reisj\u00e4rvi+5.7.2025\/\">\n\t\t\t\t\t\t<span class=\"elementor-button-content-wrapper\">\n\t\t\t\t\t\t<span class=\"elementor-button-icon\">\n\t\t\t\t<svg xmlns=\"http:\/\/www.w3.org\/2000\/svg\" id=\"Layer_1\" viewbox=\"0 0 304.04 179.08\"><path d=\"M213.49,23.65c-.28-.64-.36-.82-.44-1.01-.54-1.3.07-3.77-2.18-3.42-1.99.31-1.77,2.57-1.71,4.18.07,2.09.81,4.05,1.74,5.93.87,1.77,1.46,3.6.66,5.93-2.27-1.61-3.22-3.68-3.78-6.02-.21-.89-.34-2.09-1.63-1.83-1.34.27-1.25,1.45-1.08,2.52.41,2.62,1.3,5.13,2.24,7.77-3.39-.96-5.55-3.8-5.69-7.76-.13-3.52.13-7.05.14-10.57,0-1.29.33-3.12-1.45-3.29-1.86-.17-1.74,1.68-1.92,2.97-.55,3.97-2.1,7.8-1.16,12.14-4.95-2.46-6.3-7.75-3.22-11.42,2.21-2.63,3.12-5.57,2.7-8.94-.13-1.05-.4-2.19-1.72-2.23-1.21-.04-1.45,1.02-1.59,1.96-.28,1.9-1.18,3.53-2.17,5.12-.5.81-1.1,1.6-2.17,1.53-1.23-.08-1.75-1.08-2.07-2.07-.9-2.77-1.63-5.58-1.53-8.53.06-1.78-.18-3.53-.9-5.17-.33-.76-.77-1.58-1.79-1.43-1.03.15-1.22,1.04-1.27,1.88-1.01,14.57,2.3,27.41,14.6,36.71,2.49,1.89,5.2,3.34,8.02,5.01-1.33-.14-2.66-.37-4-.39-3.77-.07-5.7,2.78-3.69,5.9,3.42,5.28,7.05,10.53,13.65,12.35,1.16.32.94.85.57,1.57-1.97,3.87-2.22,8.16-3.09,12.31-.84,4.01-3,7.49-5.45,10.72-1.29,1.71-3.31,2.09-5.37,1.68-6.17-1.23-12.03.1-17.57,2.59-6.1,2.73-12.12,3.35-18.71,1.93-6.88-1.49-13.88-2.44-20.72-4.17-2.65-.67-5.12-1.69-7.41-3.14-5.73-3.62-11.84-6.41-18.24-8.62-8.65-2.98-11.04-8.71-7.13-17.04,1.96-4.17,5.07-7.57,7.8-11.22,2.38-3.19,3.17-6.69,2.75-10.55-.1-.96-.31-1.96-1.4-2.2-1.22-.27-1.55.76-1.9,1.63-.49,1.21-.82,2.6-2.43.87-.75-.8-1.83-.38-1.97.5-.48,3.12-3.73,2.95-5.32,4.7-.42.46-1.24.62-1.71.1-2.2-2.48-2.73-.52-3.43,1.21-.51,1.26-1.35,2.19-2.5,3.04-3.85,2.86-5.86,6.82-6.05,11.62-.14,3.59.88,6.82,2.67,9.99.93,1.65,1.22,3.67,2.17,5.5,1.05,2.04-1.44,2.01-2.69,2.06-4.01.16-6.26,2.58-7.62,5.91-.64,1.58-1,3.49-.78,5.16.31,2.37-.45,4.5-.78,6.71-.54,3.62-.22,7,1.6,10.3.86,1.56,1.96,3.97.54,5.2-1.49,1.3-3.12-.82-4.51-1.73-2.81-1.84-5.08-4.24-6.72-7.22-.55-.99-1.22-1.93-1.92-2.83-2.34-3-3.97-3.26-6.64-.65-1.84,1.81-3.25,1.88-4.88-.08-2.31-2.77-5.04-2.93-8.06-1.22-9.38,5.32-19.42,7.66-30.2,6.72-.62-.05-1.31-.18-1.86.01-3.24,1.17-5.31-.07-7.73-2.43-3.7-3.62-11.47-1.05-13.12,3.79-.99,2.91.89,4.57,2.9,4.84,6.01.82,11.83,2.1,17.65,3.81,4.4,1.29,8.7-1.34,13.02-2.31,5-1.13,10-1.64,15.51-1.25-1.97,2.12-4.26,3.23-6.49,4.24-5.66,2.56-11.32,5.2-17.53,6.26-.69.12-1.41.43-1.97.85-1.64,1.22-3.32,1.27-4.89.09-3.71-2.78-9-2.04-13.24,1.36-2.32,1.86-2.18,4.23.46,5.38,3.89,1.7,7.85,3.39,12.29,2.34.2-.05.42-.09.62-.05,8.78,1.72,15.74-2.83,23.03-6.48,4.81-2.41,9.55-5.02,14.68-6.75,8.01-2.7,14.71-.2,20.47,5.38,4.64,4.5,9.18,9.16,15.67,10.82,4.46,1.15,8.61,2.96,12.69,4.97,2.4,1.18,4.92,1.46,7.55,1.49,3.1.04,5.43-1.19,7-3.81,1.43-2.4,3.17-4.65,4.07-7.33.69-2.07,1.86-2.08,3.21-.81,4.01,3.76,8.12,7.42,11.87,11.43,4.44,4.75,9.43,7.54,16.16,8.04,12.06.91,24,.7,35.96-1.13,4.61-.7,9.32-.4,13.99-.07,3.01.21,5.47,1.25,6.14,4.63.29,1.48,1.36,2.24,2.67,2.8,2.05.88,4.23,1.46,6.38,1.02,7.63-1.58,15.21.28,22.82.2,6.64-.06,13.12,1.8,18.79,5.69,3.05,2.09,5.57,4.59,7.14,8.02.74,1.63,1.47,3.57,4.04,2.97,1.43-.33,1.29,1.02,1.56,1.82,1.33,3.87,5.86,6.75,9.97,6.37,1.85-.17,3.12-1.14,3.8-2.78.73-1.75-.84-2.34-1.84-3.15-5.08-4.14-8.58-9.89-13.89-13.78-3.9-2.86-8.66-4.56-11.74-8.55-.62-.8-1.63-1.28-1.91-2.63,2.22-.14,4.33.06,6.24,1.07,5.78,3.04,11.68,5.92,16.29,10.74.5.52,1.1,1.32,1.67,1.33,4.42.14,6,3.82,8.45,6.46,1.42,1.53,3.25,2.56,5.26,3.22,4.38,1.43,6.65.02,7.21-4.44.16-1.28-.62-1.89-1.49-2.49-5.43-3.7-11-7.04-15.58-12.03-3-3.27-7.99-4.26-12.21-5.94-3.73-1.49-7.24-3.27-10.06-6.04-3.97-3.89-8.65-4.36-13.57-3.17-4.26,1.03-8.58,1.43-12.89,2.04-3.73.52-5.93-1.54-6.03-5.34-.02-.62-.06-1.3.15-1.85,1.97-5.08,1.83-10.63,3.32-15.75,2.65-9.16,3.09-18.01-.95-26.83-.67-1.46-.82-3-.65-4.57.35-3.25,3.06-5.08,6.94-4.3,2.81.57,5.49.8,8.27-.03,1.3-.39,2.67-.16,3.97.35,5.02,1.96,7.05-.78,9.77-5.22,1.59-2.6.32-5.08-3.56-7.51-7.69-4.81-14.8-10.54-23.29-14.69,1.5-.93,2.67-.45,3.84-.24,9.68,1.75,17.86-2.19,22.05-10.61.37-.74.7-1.51.9-2.31.23-.94.19-1.94-.84-2.42-1.09-.51-1.75.2-2.28,1.04-.66,1.05-1.19,2.21-1.96,3.16-.61.75-1.08,2.04-2.48.28-1.46-1.83-2.27.21-2.78,1.29-1.43,3.04-3.72,4.61-7.07,4.71-3.54.11-5.68-1.73-6.04-5.25-.45-4.47.55-8.65,2.5-12.65.68-1.4,1.76-2.96-.18-4.06-1.99-1.13-2.99.55-3.95,1.92-2.94,4.16-3.36,9.05-4.05,13.88-.17,1.15.3,2.91-1.29,3.13-1.48.2-2.31-1.32-2.8-2.54-3.34-8.31-5.47-16.76-2.59-25.71.44-1.38.76-2.8,1.02-4.23.21-1.18.76-2.71-.93-3.14-1.39-.35-1.97.97-2.31,2.05-1.22,3.85-2.51,7.69-3.48,11.61-1.33,5.36-.85,10.7.75,15.96.35,1.16.94,2.68-.35,3.42-1.38.79-2.2-.77-3-1.59-3.69-3.73-2.65-8.26-1.74-12.6.62-2.95,2.41-5.49,3.82-8.15.5-.95,1.64-1.97.34-3-1.21-.95-2.36-.21-3.34.65-1.81,1.58-3.1,3.58-4.42,5.88Z\" style=\"stroke-width:0px;\"><\/path><\/svg>\t\t\t<\/span>\n\t\t\t\t\t\t\t\t\t<span class=\"elementor-button-text\">See Jyrki&#039;s pictures<\/span>\n\t\t\t\t\t<\/span>\n\t\t\t\t\t<\/a>\n\t\t\t\t\t\t\t\t<\/div>\n\t\t\t\t<\/div>\n\t\t<div class=\"elementor-element elementor-element-61fcb31 e-flex e-con-boxed e-con e-child\" data-id=\"61fcb31\" data-element_type=\"container\">\n\t\t\t\t\t<div class=\"e-con-inner\">\n\t\t\t\t<div class=\"elementor-element elementor-element-546c980 elementor-widget elementor-widget-image\" data-id=\"546c980\" data-element_type=\"widget\" data-widget_type=\"image.default\">\n\t\t\t\t\t\t\t\t\t\t\t\t\t\t\t<img fetchpriority=\"high\" decoding=\"async\" width=\"800\" height=\"1000\" src=\"https:\/\/www.peuratrail.fi\/wp-content\/uploads\/2025\/07\/DJI_20250705145130_0090_D-819x1024.jpg\" class=\"attachment-large size-large wp-image-2227\" alt=\"\" srcset=\"https:\/\/www.peuratrail.fi\/wp-content\/uploads\/2025\/07\/DJI_20250705145130_0090_D-819x1024.jpg 819w, https:\/\/www.peuratrail.fi\/wp-content\/uploads\/2025\/07\/DJI_20250705145130_0090_D-300x375.jpg 300w, https:\/\/www.peuratrail.fi\/wp-content\/uploads\/2025\/07\/DJI_20250705145130_0090_D-600x750.jpg 600w, https:\/\/www.peuratrail.fi\/wp-content\/uploads\/2025\/07\/DJI_20250705145130_0090_D-240x300.jpg 240w, https:\/\/www.peuratrail.fi\/wp-content\/uploads\/2025\/07\/DJI_20250705145130_0090_D-768x960.jpg 768w, https:\/\/www.peuratrail.fi\/wp-content\/uploads\/2025\/07\/DJI_20250705145130_0090_D-1229x1536.jpg 1229w, https:\/\/www.peuratrail.fi\/wp-content\/uploads\/2025\/07\/DJI_20250705145130_0090_D-10x12.jpg 10w, https:\/\/www.peuratrail.fi\/wp-content\/uploads\/2025\/07\/DJI_20250705145130_0090_D.jpg 1600w\" sizes=\"(max-width: 800px) 100vw, 800px\" \/>\t\t\t\t\t\t\t\t\t\t\t\t\t\t\t<\/div>\n\t\t\t\t\t<\/div>\n\t\t\t\t<\/div>\n\t\t\t\t\t<\/div>\n\t\t\t\t<\/div>\n\t\t<div class=\"elementor-element elementor-element-8d4b6a6 e-flex e-con-boxed e-con e-parent\" data-id=\"8d4b6a6\" data-element_type=\"container\">\n\t\t\t\t\t<div class=\"e-con-inner\">\n\t\t<div class=\"elementor-element elementor-element-cd5d6f7 e-con-full e-flex e-con e-child\" data-id=\"cd5d6f7\" data-element_type=\"container\">\n\t\t\t\t<div class=\"elementor-element elementor-element-909faa2 elementor-widget elementor-widget-image\" data-id=\"909faa2\" data-element_type=\"widget\" data-widget_type=\"image.default\">\n\t\t\t\t\t\t\t\t\t\t\t\t\t\t\t<img decoding=\"async\" width=\"800\" height=\"533\" src=\"https:\/\/www.peuratrail.fi\/wp-content\/uploads\/2025\/07\/IMG_0264-1024x682.jpg\" class=\"attachment-large size-large wp-image-2235\" alt=\"\" srcset=\"https:\/\/www.peuratrail.fi\/wp-content\/uploads\/2025\/07\/IMG_0264-1024x682.jpg 1024w, https:\/\/www.peuratrail.fi\/wp-content\/uploads\/2025\/07\/IMG_0264-600x400.jpg 600w, https:\/\/www.peuratrail.fi\/wp-content\/uploads\/2025\/07\/IMG_0264-300x200.jpg 300w, https:\/\/www.peuratrail.fi\/wp-content\/uploads\/2025\/07\/IMG_0264-768x512.jpg 768w, https:\/\/www.peuratrail.fi\/wp-content\/uploads\/2025\/07\/IMG_0264-1536x1024.jpg 1536w, https:\/\/www.peuratrail.fi\/wp-content\/uploads\/2025\/07\/IMG_0264-18x12.jpg 18w, https:\/\/www.peuratrail.fi\/wp-content\/uploads\/2025\/07\/IMG_0264.jpg 2000w\" sizes=\"(max-width: 800px) 100vw, 800px\" \/>\t\t\t\t\t\t\t\t\t\t\t\t\t\t\t<\/div>\n\t\t\t\t<\/div>\n\t\t<div class=\"elementor-element elementor-element-7ad6dea e-con-full e-flex e-con e-child\" data-id=\"7ad6dea\" data-element_type=\"container\">\n\t\t\t\t<div class=\"elementor-element elementor-element-427e5c4 elementor-widget elementor-widget-heading\" data-id=\"427e5c4\" data-element_type=\"widget\" data-widget_type=\"heading.default\">\n\t\t\t\t\t<h2 class=\"elementor-heading-title elementor-size-default\">Ville&#039;s pictures<\/h2>\t\t\t\t<\/div>\n\t\t\t\t<div class=\"elementor-element elementor-element-a14702b elementor-widget elementor-widget-text-editor\" data-id=\"a14702b\" data-element_type=\"widget\" data-widget_type=\"text-editor.default\">\n\t\t\t\t\t\t\t\t\t<p>Photos by Ville Laitila.<\/p><p>Publication of images is free, sale to a third party must be agreed separately with 3 Kreis\u00e4.<\/p><p>In social media posts, it is advisable to tag @3kreis and use the hashtag #peuratrail.<\/p>\t\t\t\t\t\t\t\t<\/div>\n\t\t\t\t<div class=\"elementor-element elementor-element-92a2050 elementor-align-center elementor-widget elementor-widget-button\" data-id=\"92a2050\" data-element_type=\"widget\" data-widget_type=\"button.default\">\n\t\t\t\t\t\t\t\t\t\t<a class=\"elementor-button elementor-button-link elementor-size-md\" href=\"https:\/\/www.icloud.com\/sharedalbum\/fi-fi\/#B285yeZFhGaRpHW\">\n\t\t\t\t\t\t<span class=\"elementor-button-content-wrapper\">\n\t\t\t\t\t\t<span class=\"elementor-button-icon\">\n\t\t\t\t<svg xmlns=\"http:\/\/www.w3.org\/2000\/svg\" id=\"Layer_1\" viewbox=\"0 0 304.04 179.08\"><path d=\"M213.49,23.65c-.28-.64-.36-.82-.44-1.01-.54-1.3.07-3.77-2.18-3.42-1.99.31-1.77,2.57-1.71,4.18.07,2.09.81,4.05,1.74,5.93.87,1.77,1.46,3.6.66,5.93-2.27-1.61-3.22-3.68-3.78-6.02-.21-.89-.34-2.09-1.63-1.83-1.34.27-1.25,1.45-1.08,2.52.41,2.62,1.3,5.13,2.24,7.77-3.39-.96-5.55-3.8-5.69-7.76-.13-3.52.13-7.05.14-10.57,0-1.29.33-3.12-1.45-3.29-1.86-.17-1.74,1.68-1.92,2.97-.55,3.97-2.1,7.8-1.16,12.14-4.95-2.46-6.3-7.75-3.22-11.42,2.21-2.63,3.12-5.57,2.7-8.94-.13-1.05-.4-2.19-1.72-2.23-1.21-.04-1.45,1.02-1.59,1.96-.28,1.9-1.18,3.53-2.17,5.12-.5.81-1.1,1.6-2.17,1.53-1.23-.08-1.75-1.08-2.07-2.07-.9-2.77-1.63-5.58-1.53-8.53.06-1.78-.18-3.53-.9-5.17-.33-.76-.77-1.58-1.79-1.43-1.03.15-1.22,1.04-1.27,1.88-1.01,14.57,2.3,27.41,14.6,36.71,2.49,1.89,5.2,3.34,8.02,5.01-1.33-.14-2.66-.37-4-.39-3.77-.07-5.7,2.78-3.69,5.9,3.42,5.28,7.05,10.53,13.65,12.35,1.16.32.94.85.57,1.57-1.97,3.87-2.22,8.16-3.09,12.31-.84,4.01-3,7.49-5.45,10.72-1.29,1.71-3.31,2.09-5.37,1.68-6.17-1.23-12.03.1-17.57,2.59-6.1,2.73-12.12,3.35-18.71,1.93-6.88-1.49-13.88-2.44-20.72-4.17-2.65-.67-5.12-1.69-7.41-3.14-5.73-3.62-11.84-6.41-18.24-8.62-8.65-2.98-11.04-8.71-7.13-17.04,1.96-4.17,5.07-7.57,7.8-11.22,2.38-3.19,3.17-6.69,2.75-10.55-.1-.96-.31-1.96-1.4-2.2-1.22-.27-1.55.76-1.9,1.63-.49,1.21-.82,2.6-2.43.87-.75-.8-1.83-.38-1.97.5-.48,3.12-3.73,2.95-5.32,4.7-.42.46-1.24.62-1.71.1-2.2-2.48-2.73-.52-3.43,1.21-.51,1.26-1.35,2.19-2.5,3.04-3.85,2.86-5.86,6.82-6.05,11.62-.14,3.59.88,6.82,2.67,9.99.93,1.65,1.22,3.67,2.17,5.5,1.05,2.04-1.44,2.01-2.69,2.06-4.01.16-6.26,2.58-7.62,5.91-.64,1.58-1,3.49-.78,5.16.31,2.37-.45,4.5-.78,6.71-.54,3.62-.22,7,1.6,10.3.86,1.56,1.96,3.97.54,5.2-1.49,1.3-3.12-.82-4.51-1.73-2.81-1.84-5.08-4.24-6.72-7.22-.55-.99-1.22-1.93-1.92-2.83-2.34-3-3.97-3.26-6.64-.65-1.84,1.81-3.25,1.88-4.88-.08-2.31-2.77-5.04-2.93-8.06-1.22-9.38,5.32-19.42,7.66-30.2,6.72-.62-.05-1.31-.18-1.86.01-3.24,1.17-5.31-.07-7.73-2.43-3.7-3.62-11.47-1.05-13.12,3.79-.99,2.91.89,4.57,2.9,4.84,6.01.82,11.83,2.1,17.65,3.81,4.4,1.29,8.7-1.34,13.02-2.31,5-1.13,10-1.64,15.51-1.25-1.97,2.12-4.26,3.23-6.49,4.24-5.66,2.56-11.32,5.2-17.53,6.26-.69.12-1.41.43-1.97.85-1.64,1.22-3.32,1.27-4.89.09-3.71-2.78-9-2.04-13.24,1.36-2.32,1.86-2.18,4.23.46,5.38,3.89,1.7,7.85,3.39,12.29,2.34.2-.05.42-.09.62-.05,8.78,1.72,15.74-2.83,23.03-6.48,4.81-2.41,9.55-5.02,14.68-6.75,8.01-2.7,14.71-.2,20.47,5.38,4.64,4.5,9.18,9.16,15.67,10.82,4.46,1.15,8.61,2.96,12.69,4.97,2.4,1.18,4.92,1.46,7.55,1.49,3.1.04,5.43-1.19,7-3.81,1.43-2.4,3.17-4.65,4.07-7.33.69-2.07,1.86-2.08,3.21-.81,4.01,3.76,8.12,7.42,11.87,11.43,4.44,4.75,9.43,7.54,16.16,8.04,12.06.91,24,.7,35.96-1.13,4.61-.7,9.32-.4,13.99-.07,3.01.21,5.47,1.25,6.14,4.63.29,1.48,1.36,2.24,2.67,2.8,2.05.88,4.23,1.46,6.38,1.02,7.63-1.58,15.21.28,22.82.2,6.64-.06,13.12,1.8,18.79,5.69,3.05,2.09,5.57,4.59,7.14,8.02.74,1.63,1.47,3.57,4.04,2.97,1.43-.33,1.29,1.02,1.56,1.82,1.33,3.87,5.86,6.75,9.97,6.37,1.85-.17,3.12-1.14,3.8-2.78.73-1.75-.84-2.34-1.84-3.15-5.08-4.14-8.58-9.89-13.89-13.78-3.9-2.86-8.66-4.56-11.74-8.55-.62-.8-1.63-1.28-1.91-2.63,2.22-.14,4.33.06,6.24,1.07,5.78,3.04,11.68,5.92,16.29,10.74.5.52,1.1,1.32,1.67,1.33,4.42.14,6,3.82,8.45,6.46,1.42,1.53,3.25,2.56,5.26,3.22,4.38,1.43,6.65.02,7.21-4.44.16-1.28-.62-1.89-1.49-2.49-5.43-3.7-11-7.04-15.58-12.03-3-3.27-7.99-4.26-12.21-5.94-3.73-1.49-7.24-3.27-10.06-6.04-3.97-3.89-8.65-4.36-13.57-3.17-4.26,1.03-8.58,1.43-12.89,2.04-3.73.52-5.93-1.54-6.03-5.34-.02-.62-.06-1.3.15-1.85,1.97-5.08,1.83-10.63,3.32-15.75,2.65-9.16,3.09-18.01-.95-26.83-.67-1.46-.82-3-.65-4.57.35-3.25,3.06-5.08,6.94-4.3,2.81.57,5.49.8,8.27-.03,1.3-.39,2.67-.16,3.97.35,5.02,1.96,7.05-.78,9.77-5.22,1.59-2.6.32-5.08-3.56-7.51-7.69-4.81-14.8-10.54-23.29-14.69,1.5-.93,2.67-.45,3.84-.24,9.68,1.75,17.86-2.19,22.05-10.61.37-.74.7-1.51.9-2.31.23-.94.19-1.94-.84-2.42-1.09-.51-1.75.2-2.28,1.04-.66,1.05-1.19,2.21-1.96,3.16-.61.75-1.08,2.04-2.48.28-1.46-1.83-2.27.21-2.78,1.29-1.43,3.04-3.72,4.61-7.07,4.71-3.54.11-5.68-1.73-6.04-5.25-.45-4.47.55-8.65,2.5-12.65.68-1.4,1.76-2.96-.18-4.06-1.99-1.13-2.99.55-3.95,1.92-2.94,4.16-3.36,9.05-4.05,13.88-.17,1.15.3,2.91-1.29,3.13-1.48.2-2.31-1.32-2.8-2.54-3.34-8.31-5.47-16.76-2.59-25.71.44-1.38.76-2.8,1.02-4.23.21-1.18.76-2.71-.93-3.14-1.39-.35-1.97.97-2.31,2.05-1.22,3.85-2.51,7.69-3.48,11.61-1.33,5.36-.85,10.7.75,15.96.35,1.16.94,2.68-.35,3.42-1.38.79-2.2-.77-3-1.59-3.69-3.73-2.65-8.26-1.74-12.6.62-2.95,2.41-5.49,3.82-8.15.5-.95,1.64-1.97.34-3-1.21-.95-2.36-.21-3.34.65-1.81,1.58-3.1,3.58-4.42,5.88Z\" style=\"stroke-width:0px;\"><\/path><\/svg>\t\t\t<\/span>\n\t\t\t\t\t\t\t\t\t<span class=\"elementor-button-text\">See Ville&#039;s pictures<\/span>\n\t\t\t\t\t<\/span>\n\t\t\t\t\t<\/a>\n\t\t\t\t\t\t\t\t<\/div>\n\t\t\t\t<\/div>\n\t\t\t\t\t<\/div>\n\t\t\t\t<\/div>\n\t\t\t\t<\/div>","protected":false},"excerpt":{"rendered":"<p>Jyrkin kuvat Kuvat Jyrki Liikanen, photo@jyrkiliikanen.fi. Kuvien julkaisu vapaa, myynti 3. osapuolelle sovittava erikseen 3 Kreisi\u00e4 ja Jyrki Liikanen kanssa. Somejulkaisuissa suotavaa ilmoittaa kuvaajan nimi. Instagram @leekanen. Voit my\u00f6s t\u00e4g\u00e4t\u00e4 @3kreisia ja k\u00e4ytt\u00e4\u00e4 tunnistetta #peuratrail. Katso Jyrkin kuvat Villen kuvat Kuvat Ville Laitila. Kuvien julkaisu vapaa, myynti 3. osapuolelle sovittava erikseen 3 Kreisi\u00e4 kanssa. Somejulkaisuissa [&hellip;]<\/p>","protected":false},"author":1,"featured_media":0,"parent":0,"menu_order":0,"comment_status":"closed","ping_status":"closed","template":"","meta":{"inline_featured_image":false,"footnotes":""},"class_list":["post-2215","page","type-page","status-publish","hentry"],"_links":{"self":[{"href":"https:\/\/www.peuratrail.fi\/en\/wp-json\/wp\/v2\/pages\/2215","targetHints":{"allow":["GET"]}}],"collection":[{"href":"https:\/\/www.peuratrail.fi\/en\/wp-json\/wp\/v2\/pages"}],"about":[{"href":"https:\/\/www.peuratrail.fi\/en\/wp-json\/wp\/v2\/types\/page"}],"author":[{"embeddable":true,"href":"https:\/\/www.peuratrail.fi\/en\/wp-json\/wp\/v2\/users\/1"}],"replies":[{"embeddable":true,"href":"https:\/\/www.peuratrail.fi\/en\/wp-json\/wp\/v2\/comments?post=2215"}],"version-history":[{"count":10,"href":"https:\/\/www.peuratrail.fi\/en\/wp-json\/wp\/v2\/pages\/2215\/revisions"}],"predecessor-version":[{"id":2238,"href":"https:\/\/www.peuratrail.fi\/en\/wp-json\/wp\/v2\/pages\/2215\/revisions\/2238"}],"wp:attachment":[{"href":"https:\/\/www.peuratrail.fi\/en\/wp-json\/wp\/v2\/media?parent=2215"}],"curies":[{"name":"wp","href":"https:\/\/api.w.org\/{rel}","templated":true}]}}