{"id":232,"date":"2024-02-04T13:23:06","date_gmt":"2024-02-04T11:23:06","guid":{"rendered":"http:\/\/kreisitrail.fi.upcloud.diginatiivi.fi\/?page_id=232"},"modified":"2025-10-24T15:25:58","modified_gmt":"2025-10-24T12:25:58","slug":"wanderings","status":"publish","type":"page","link":"https:\/\/www.peuratrail.fi\/en\/wanderings\/","title":{"rendered":"Trips and routes"},"content":{"rendered":"<div data-elementor-type=\"wp-page\" data-elementor-id=\"232\" class=\"elementor elementor-232\" data-elementor-post-type=\"page\">\n\t\t\t\t<div class=\"elementor-element elementor-element-b246f8d e-flex e-con-boxed e-con e-parent\" data-id=\"b246f8d\" data-element_type=\"container\">\n\t\t\t\t\t<div class=\"e-con-inner\">\n\t\t<div class=\"elementor-element elementor-element-69aa2b6 e-flex e-con-boxed e-con e-child\" data-id=\"69aa2b6\" data-element_type=\"container\">\n\t\t\t\t\t<div class=\"e-con-inner\">\n\t\t\t\t<div class=\"elementor-element elementor-element-1cc07c2 elementor-widget elementor-widget-image\" data-id=\"1cc07c2\" data-element_type=\"widget\" data-widget_type=\"image.default\">\n\t\t\t\t\t\t\t\t\t\t\t\t\t\t\t<img fetchpriority=\"high\" decoding=\"async\" width=\"778\" height=\"1024\" src=\"https:\/\/www.peuratrail.fi\/wp-content\/uploads\/2025\/06\/peuratrail-kartta-778x1024.jpg\" class=\"attachment-large size-large wp-image-1840\" alt=\"\" srcset=\"https:\/\/www.peuratrail.fi\/wp-content\/uploads\/2025\/06\/peuratrail-kartta-778x1024.jpg 778w, https:\/\/www.peuratrail.fi\/wp-content\/uploads\/2025\/06\/peuratrail-kartta-600x789.jpg 600w, https:\/\/www.peuratrail.fi\/wp-content\/uploads\/2025\/06\/peuratrail-kartta-228x300.jpg 228w, https:\/\/www.peuratrail.fi\/wp-content\/uploads\/2025\/06\/peuratrail-kartta-768x1011.jpg 768w, https:\/\/www.peuratrail.fi\/wp-content\/uploads\/2025\/06\/peuratrail-kartta-1167x1536.jpg 1167w, https:\/\/www.peuratrail.fi\/wp-content\/uploads\/2025\/06\/peuratrail-kartta-9x12.jpg 9w, https:\/\/www.peuratrail.fi\/wp-content\/uploads\/2025\/06\/peuratrail-kartta.jpg 1520w\" sizes=\"(max-width: 778px) 100vw, 778px\" \/>\t\t\t\t\t\t\t\t\t\t\t\t\t\t\t<\/div>\n\t\t\t\t\t<\/div>\n\t\t\t\t<\/div>\n\t\t<div class=\"elementor-element elementor-element-79cf4a8 e-con-full e-flex e-con e-child\" data-id=\"79cf4a8\" data-element_type=\"container\">\n\t\t\t\t<div class=\"elementor-element elementor-element-bdcfb6e elementor-widget elementor-widget-text-editor\" data-id=\"bdcfb6e\" data-element_type=\"widget\" data-widget_type=\"text-editor.default\">\n\t\t\t\t\t\t\t\t\t<p>There's a route for everyone<\/p>\t\t\t\t\t\t\t\t<\/div>\n\t\t\t\t<div class=\"elementor-element elementor-element-617baf4 elementor-widget elementor-widget-text-editor\" data-id=\"617baf4\" data-element_type=\"widget\" data-widget_type=\"text-editor.default\">\n\t\t\t\t\t\t\t\t\t<p>The event offers you the chance to choose from six different lengths of trips. There is also a special series for hikers.<\/p><p>There is transportation to the start from the event center and the finish line for all trips is at the event center. Read the route descriptions and choose which challenges you will take on!<\/p>\t\t\t\t\t\t\t\t<\/div>\n\t\t\t\t<div class=\"elementor-element elementor-element-82816cc elementor-widget elementor-widget-jet-listing-grid\" data-id=\"82816cc\" data-element_type=\"widget\" data-settings=\"{&quot;columns&quot;:&quot;1&quot;}\" data-widget_type=\"jet-listing-grid.default\">\n\t\t\t\t\t<div class=\"jet-listing-grid jet-listing\"><div class=\"jet-listing-grid__items grid-col-desk-1 grid-col-tablet-1 grid-col-mobile-1 jet-listing-grid--1333\" data-queried-id=\"232|WP_Post\" data-nav=\"{&quot;enabled&quot;:false,&quot;type&quot;:null,&quot;more_el&quot;:null,&quot;query&quot;:[],&quot;widget_settings&quot;:{&quot;lisitng_id&quot;:1333,&quot;posts_num&quot;:99,&quot;columns&quot;:1,&quot;columns_tablet&quot;:1,&quot;columns_mobile&quot;:1,&quot;column_min_width&quot;:240,&quot;column_min_width_tablet&quot;:240,&quot;column_min_width_mobile&quot;:240,&quot;inline_columns_css&quot;:false,&quot;is_archive_template&quot;:&quot;&quot;,&quot;post_status&quot;:[&quot;publish&quot;],&quot;use_random_posts_num&quot;:&quot;&quot;,&quot;max_posts_num&quot;:9,&quot;not_found_message&quot;:&quot;No data was found&quot;,&quot;is_masonry&quot;:false,&quot;equal_columns_height&quot;:&quot;&quot;,&quot;use_load_more&quot;:&quot;&quot;,&quot;load_more_id&quot;:&quot;&quot;,&quot;load_more_type&quot;:&quot;click&quot;,&quot;load_more_offset&quot;:{&quot;unit&quot;:&quot;px&quot;,&quot;size&quot;:0,&quot;sizes&quot;:[]},&quot;use_custom_post_types&quot;:&quot;&quot;,&quot;custom_post_types&quot;:[],&quot;hide_widget_if&quot;:&quot;&quot;,&quot;carousel_enabled&quot;:&quot;&quot;,&quot;slides_to_scroll&quot;:&quot;1&quot;,&quot;arrows&quot;:&quot;true&quot;,&quot;arrow_icon&quot;:&quot;fa fa-angle-left&quot;,&quot;dots&quot;:&quot;&quot;,&quot;autoplay&quot;:&quot;true&quot;,&quot;pause_on_hover&quot;:&quot;true&quot;,&quot;autoplay_speed&quot;:5000,&quot;infinite&quot;:&quot;true&quot;,&quot;center_mode&quot;:&quot;&quot;,&quot;effect&quot;:&quot;slide&quot;,&quot;speed&quot;:500,&quot;inject_alternative_items&quot;:&quot;&quot;,&quot;injection_items&quot;:[],&quot;scroll_slider_enabled&quot;:&quot;&quot;,&quot;scroll_slider_on&quot;:[&quot;desktop&quot;,&quot;tablet&quot;,&quot;mobile&quot;],&quot;custom_query&quot;:false,&quot;custom_query_id&quot;:&quot;&quot;,&quot;_element_id&quot;:&quot;&quot;,&quot;collapse_first_last_gap&quot;:false,&quot;list_tag_selection&quot;:&quot;&quot;,&quot;list_items_wrapper_tag&quot;:&quot;div&quot;,&quot;list_item_tag&quot;:&quot;div&quot;,&quot;empty_items_wrapper_tag&quot;:&quot;div&quot;}}\" data-page=\"1\" data-pages=\"1\" data-listing-source=\"posts\" data-listing-id=\"1333\" data-query-id=\"\"><div class=\"jet-listing-grid__item jet-listing-dynamic-post-2332\" data-post-id=\"2332\"  >\t\t<div data-elementor-type=\"jet-listing-items\" data-elementor-id=\"1333\" class=\"elementor elementor-1333\" data-elementor-post-type=\"jet-engine\">\n\t\t\t\t<div class=\"elementor-element elementor-element-187d8b9 e-flex e-con-boxed e-con e-parent\" data-id=\"187d8b9\" data-element_type=\"container\">\n\t\t\t\t\t<div class=\"e-con-inner\">\n\t\t\t\t<div class=\"elementor-element elementor-element-6bdbc59 elementor-widget elementor-widget-heading\" data-id=\"6bdbc59\" data-element_type=\"widget\" data-widget_type=\"heading.default\">\n\t\t\t\t\t<span class=\"elementor-heading-title elementor-size-default\"><a href=\"https:\/\/www.peuratrail.fi\/en\/wanderings-2\/102-km-of-unspoiled-heartland\/\">102 km \u2013 Ruthless Heartland<\/a><\/span>\t\t\t\t<\/div>\n\t\t\t\t\t<\/div>\n\t\t\t\t<\/div>\n\t\t\t\t<\/div>\n\t\t<\/div><div class=\"jet-listing-grid__item jet-listing-dynamic-post-1311\" data-post-id=\"1311\"  >\t\t<div data-elementor-type=\"jet-listing-items\" data-elementor-id=\"1333\" class=\"elementor elementor-1333\" data-elementor-post-type=\"jet-engine\">\n\t\t\t\t<div class=\"elementor-element elementor-element-187d8b9 e-flex e-con-boxed e-con e-parent\" data-id=\"187d8b9\" data-element_type=\"container\">\n\t\t\t\t\t<div class=\"e-con-inner\">\n\t\t\t\t<div class=\"elementor-element elementor-element-6bdbc59 elementor-widget elementor-widget-heading\" data-id=\"6bdbc59\" data-element_type=\"widget\" data-widget_type=\"heading.default\">\n\t\t\t\t\t<span class=\"elementor-heading-title elementor-size-default\"><a href=\"https:\/\/www.peuratrail.fi\/en\/wanderings-2\/51-km-vast-large-lake\/\">51 km \u2013 The boundless Great Lake<\/a><\/span>\t\t\t\t<\/div>\n\t\t\t\t\t<\/div>\n\t\t\t\t<\/div>\n\t\t\t\t<\/div>\n\t\t<\/div><div class=\"jet-listing-grid__item jet-listing-dynamic-post-1322\" data-post-id=\"1322\"  >\t\t<div data-elementor-type=\"jet-listing-items\" data-elementor-id=\"1333\" class=\"elementor elementor-1333\" data-elementor-post-type=\"jet-engine\">\n\t\t\t\t<div class=\"elementor-element elementor-element-187d8b9 e-flex e-con-boxed e-con e-parent\" data-id=\"187d8b9\" data-element_type=\"container\">\n\t\t\t\t\t<div class=\"e-con-inner\">\n\t\t\t\t<div class=\"elementor-element elementor-element-6bdbc59 elementor-widget elementor-widget-heading\" data-id=\"6bdbc59\" data-element_type=\"widget\" data-widget_type=\"heading.default\">\n\t\t\t\t\t<span class=\"elementor-heading-title elementor-size-default\"><a href=\"https:\/\/www.peuratrail.fi\/en\/wanderings-2\/37-km-wild-ridgeline\/\">37 km \u2013 Hurja Harjuntakanen<\/a><\/span>\t\t\t\t<\/div>\n\t\t\t\t\t<\/div>\n\t\t\t\t<\/div>\n\t\t\t\t<\/div>\n\t\t<\/div><div class=\"jet-listing-grid__item jet-listing-dynamic-post-1330\" data-post-id=\"1330\"  >\t\t<div data-elementor-type=\"jet-listing-items\" data-elementor-id=\"1333\" class=\"elementor elementor-1333\" data-elementor-post-type=\"jet-engine\">\n\t\t\t\t<div class=\"elementor-element elementor-element-187d8b9 e-flex e-con-boxed e-con e-parent\" data-id=\"187d8b9\" data-element_type=\"container\">\n\t\t\t\t\t<div class=\"e-con-inner\">\n\t\t\t\t<div class=\"elementor-element elementor-element-6bdbc59 elementor-widget elementor-widget-heading\" data-id=\"6bdbc59\" data-element_type=\"widget\" data-widget_type=\"heading.default\">\n\t\t\t\t\t<span class=\"elementor-heading-title elementor-size-default\"><a href=\"https:\/\/www.peuratrail.fi\/en\/wanderings-2\/23-km-cheekless-cheeky\/\">23 km \u2013 Cheeky Cheeky<\/a><\/span>\t\t\t\t<\/div>\n\t\t\t\t\t<\/div>\n\t\t\t\t<\/div>\n\t\t\t\t<\/div>\n\t\t<\/div><div class=\"jet-listing-grid__item jet-listing-dynamic-post-1331\" data-post-id=\"1331\"  >\t\t<div data-elementor-type=\"jet-listing-items\" data-elementor-id=\"1333\" class=\"elementor elementor-1333\" data-elementor-post-type=\"jet-engine\">\n\t\t\t\t<div class=\"elementor-element elementor-element-187d8b9 e-flex e-con-boxed e-con e-parent\" data-id=\"187d8b9\" data-element_type=\"container\">\n\t\t\t\t\t<div class=\"e-con-inner\">\n\t\t\t\t<div class=\"elementor-element elementor-element-6bdbc59 elementor-widget elementor-widget-heading\" data-id=\"6bdbc59\" data-element_type=\"widget\" data-widget_type=\"heading.default\">\n\t\t\t\t\t<span class=\"elementor-heading-title elementor-size-default\"><a href=\"https:\/\/www.peuratrail.fi\/en\/wanderings-2\/13-km-interesting-axe-sheik\/\">13 km \u2013 Interesting Kirvesheikki<\/a><\/span>\t\t\t\t<\/div>\n\t\t\t\t\t<\/div>\n\t\t\t\t<\/div>\n\t\t\t\t<\/div>\n\t\t<\/div><div class=\"jet-listing-grid__item jet-listing-dynamic-post-1332\" data-post-id=\"1332\"  >\t\t<div data-elementor-type=\"jet-listing-items\" data-elementor-id=\"1333\" class=\"elementor elementor-1333\" data-elementor-post-type=\"jet-engine\">\n\t\t\t\t<div class=\"elementor-element elementor-element-187d8b9 e-flex e-con-boxed e-con e-parent\" data-id=\"187d8b9\" data-element_type=\"container\">\n\t\t\t\t\t<div class=\"e-con-inner\">\n\t\t\t\t<div class=\"elementor-element elementor-element-6bdbc59 elementor-widget elementor-widget-heading\" data-id=\"6bdbc59\" data-element_type=\"widget\" data-widget_type=\"heading.default\">\n\t\t\t\t\t<span class=\"elementor-heading-title elementor-size-default\"><a href=\"https:\/\/www.peuratrail.fi\/en\/wanderings-2\/6-km-comfortable-black\/\">6 km \u2013 Comfortable Black<\/a><\/span>\t\t\t\t<\/div>\n\t\t\t\t\t<\/div>\n\t\t\t\t<\/div>\n\t\t\t\t<\/div>\n\t\t<\/div><div class=\"jet-listing-grid__item jet-listing-dynamic-post-1602\" data-post-id=\"1602\"  >\t\t<div data-elementor-type=\"jet-listing-items\" data-elementor-id=\"1333\" class=\"elementor elementor-1333\" data-elementor-post-type=\"jet-engine\">\n\t\t\t\t<div class=\"elementor-element elementor-element-187d8b9 e-flex e-con-boxed e-con e-parent\" data-id=\"187d8b9\" data-element_type=\"container\">\n\t\t\t\t\t<div class=\"e-con-inner\">\n\t\t\t\t<div class=\"elementor-element elementor-element-6bdbc59 elementor-widget elementor-widget-heading\" data-id=\"6bdbc59\" data-element_type=\"widget\" data-widget_type=\"heading.default\">\n\t\t\t\t\t<span class=\"elementor-heading-title elementor-size-default\"><a href=\"https:\/\/www.peuratrail.fi\/en\/wanderings-2\/13-17-km-deer-hike\/\">13\u201317 km Deer hike<\/a><\/span>\t\t\t\t<\/div>\n\t\t\t\t\t<\/div>\n\t\t\t\t<\/div>\n\t\t\t\t<\/div>\n\t\t<\/div><\/div><\/div>\t\t\t\t<\/div>\n\t\t\t\t<div class=\"elementor-element elementor-element-ef42186 elementor-widget elementor-widget-button\" data-id=\"ef42186\" data-element_type=\"widget\" data-widget_type=\"button.default\">\n\t\t\t\t\t\t\t\t\t\t<a class=\"elementor-button elementor-button-link elementor-size-sm\" href=\"https:\/\/www.peuratrail.fi\/wp-content\/uploads\/2025\/06\/peuratrail-kartta.jpg\">\n\t\t\t\t\t\t<span class=\"elementor-button-content-wrapper\">\n\t\t\t\t\t\t\t\t\t<span class=\"elementor-button-text\">See an overview of the routes<\/span>\n\t\t\t\t\t<\/span>\n\t\t\t\t\t<\/a>\n\t\t\t\t\t\t\t\t<\/div>\n\t\t\t\t<\/div>\n\t\t\t\t\t<\/div>\n\t\t\t\t<\/div>\n\t\t\t\t<\/div>","protected":false},"excerpt":{"rendered":"<p>Jokaiselle sopiva matka Tapahtumassa p\u00e4\u00e4set valitsemaan kuudesta erimittaisesta matkasta. Tarjolla on my\u00f6s oma sarja vaeltajille. L\u00e4ht\u00f6ihin on kuljetus tapahtumakeskuksesta ja kaikkien matkojen maali on tapahtumakeskuksessa. Lue reittikuvaukset ja valitse, mink\u00e4 haasteet otat vastaan! Katso yleissilm\u00e4ys reiteist\u00e4<\/p>","protected":false},"author":1,"featured_media":0,"parent":0,"menu_order":0,"comment_status":"closed","ping_status":"closed","template":"","meta":{"inline_featured_image":false,"footnotes":""},"class_list":["post-232","page","type-page","status-publish","hentry"],"_links":{"self":[{"href":"https:\/\/www.peuratrail.fi\/en\/wp-json\/wp\/v2\/pages\/232","targetHints":{"allow":["GET"]}}],"collection":[{"href":"https:\/\/www.peuratrail.fi\/en\/wp-json\/wp\/v2\/pages"}],"about":[{"href":"https:\/\/www.peuratrail.fi\/en\/wp-json\/wp\/v2\/types\/page"}],"author":[{"embeddable":true,"href":"https:\/\/www.peuratrail.fi\/en\/wp-json\/wp\/v2\/users\/1"}],"replies":[{"embeddable":true,"href":"https:\/\/www.peuratrail.fi\/en\/wp-json\/wp\/v2\/comments?post=232"}],"version-history":[{"count":89,"href":"https:\/\/www.peuratrail.fi\/en\/wp-json\/wp\/v2\/pages\/232\/revisions"}],"predecessor-version":[{"id":2414,"href":"https:\/\/www.peuratrail.fi\/en\/wp-json\/wp\/v2\/pages\/232\/revisions\/2414"}],"wp:attachment":[{"href":"https:\/\/www.peuratrail.fi\/en\/wp-json\/wp\/v2\/media?parent=232"}],"curies":[{"name":"wp","href":"https:\/\/api.w.org\/{rel}","templated":true}]}}