{"id":2527,"date":"2025-11-30T17:34:17","date_gmt":"2025-11-30T15:34:17","guid":{"rendered":"https:\/\/www.peuratrail.fi\/?page_id=2527"},"modified":"2025-11-30T17:39:42","modified_gmt":"2025-11-30T15:39:42","slug":"data-protection","status":"publish","type":"page","link":"https:\/\/www.peuratrail.fi\/en\/data-protection\/","title":{"rendered":"Privacy Policy"},"content":{"rendered":"<div data-elementor-type=\"wp-page\" data-elementor-id=\"2527\" class=\"elementor elementor-2527\" data-elementor-post-type=\"page\">\n\t\t\t\t<div class=\"elementor-element elementor-element-ea69411 e-flex e-con-boxed e-con e-parent\" data-id=\"ea69411\" data-element_type=\"container\">\n\t\t\t\t\t<div class=\"e-con-inner\">\n\t\t\t\t<div class=\"elementor-element elementor-element-ce935ab elementor-widget elementor-widget-heading\" data-id=\"ce935ab\" data-element_type=\"widget\" data-widget_type=\"heading.default\">\n\t\t\t\t\t<h2 class=\"elementor-heading-title elementor-size-default\">3 Kreis\u00e4\u00e4 Oy privacy policy<\/h2>\t\t\t\t<\/div>\n\t\t\t\t<div class=\"elementor-element elementor-element-287981a elementor-widget elementor-widget-text-editor\" data-id=\"287981a\" data-element_type=\"widget\" data-widget_type=\"text-editor.default\">\n\t\t\t\t\t\t\t\t\t<p>This Privacy Policy (\u201dPrivacy Policy\u201d) applies to the processing of personal data on the website and the service (\u201cService\u201d) available at www.peutatrail.fi, as well as the mobile application related to the service. The purpose of the Privacy Policy is to explain why and how the Service Provider collects personal data and for what purposes personal data is used and disclosed. Please read the Privacy Policy carefully in advance before starting to use the Service.<\/p><p><strong>1. Data Controller<\/strong><\/p><p>The controller under data protection legislation is 3 Kreis\u00e4\u00e4 Oy (hereinafter referred to as the \u201dService Provider\u201d, \u201cwe\u201d or \u201cour\u201d). The Service Provider is responsible for ensuring that the processing of personal data in the Service it provides is carried out in accordance with this Privacy Policy and applicable data protection legislation.<\/p><p>Contact information of the data controller:<\/p><p>3 Kreis\u00e4 Oy<br \/>Business ID: 3441363-9<br \/>Address: Peltotie 3, Reisj\u00e4rvi<br \/>Email: minna@3kreisia.fi<\/p><p><strong>2. Data collection<\/strong><\/p><p>The Service Provider may collect personal data in various ways, as described below. The Service Provider receives the personal data it processes regularly when a user registers<\/p><p>As a user of the Service and\/or in connection with the use of the Services, such as:<\/p><p>\u2022 Name and date of birth<\/p><p>\u2022 Contact information, such as email address, postal address, and telephone number<\/p><p>\u2022 Language options<\/p><p>\u2022 Customer relationship information, such as registration date and billing information<\/p><p>\u2022 Customer contacts, messages and their responses<\/p><p>Technical information is collected from the use of the service, which may be personal data, such as:<\/p><p>\u2022 Timestamps and log information related to the use of the service;<\/p><p>\u2022 Information about the device used, such as the device&#039;s unique identifier, device model, and operating system.<\/p><p><strong>3. Legal basis and purpose of processing<\/strong><\/p><p>The service provider collects information about users for the following purposes:<\/p><p>(1) To provide services and manage the related customer relationship<\/p><p>The main purpose of processing personal data is to provide the Services and manage and maintain the customer relationship. This processing of personal data is primarily based on the contractual relationship between the Service Provider and the user. This applies, among other things, to personal data collected in connection with registration and use of the Service, as well as communication between the Service Provider and the user.<\/p><p>(2) Marketing<\/p><p>The Service Provider may send users emails informing them about new services, features or offers, requesting feedback or otherwise informing them about the activity. In this regard, processing may be based on consent and our legitimate interest, which is to provide essential information as part of the Service we provide and to market our Service to users. The user may at any time prohibit the sending of marketing messages and offers in accordance with Section 7 of this Privacy Policy.<\/p><p>(3) Service development and information security<\/p><p>The Service Provider wants to provide a high-quality and secure Service. Therefore, the information may also be used for the design and development of the Service, for market and user analysis in order to develop and improve the quality of the Service. This processing of information is based on our legitimate interest in growing and developing. We may also collect information about visits, number of visits and movement on the Service using cookies and similar technologies for statistical purposes to compile anonymous statistics that help us understand how users use the Service and make it more user-friendly.<\/p><p><strong>4. Disclosure of information<\/strong><\/p><p>We may disclose your personal data to third parties in the following cases:<\/p><p>(1) We may disclose information to trusted service providers who act on our behalf and who do not have independent access to the information we disclose to them. We may use the services of a third-party service provider to provide the Service and for marketing campaigns;<\/p><p>(2) as required by law, such as to respond to a subpoena, respond to requests from competent authorities, or in connection with legal proceedings;<\/p><p>(3) if the Service Provider is involved in a corporate or business arrangement;<\/p><p>(4) when we believe in good faith that disclosure of information is necessary to protect the rights of the Service Provider, you, or others, or when the Service Provider responds to requests from authorities.<\/p><p><strong>5. Transfer of data outside the EU\/EEA<\/strong><\/p><p>The service provider (or its service providers) may process personal data outside the European Economic Area. We use appropriate and established safeguards, such as model contractual clauses approved by the European Commission, to enable the transfer of personal data to service providers in third countries. Our service providers located in the United States are committed to the EU-U.S. Privacy Shield. More information about the Privacy Shield program developed by the U.S. Department of Commerce and the European Commission and the related principles for the processing of personal data is available at https:\/\/www.privacyshield.gov\/welcome .<\/p><p><strong>6. Data retention<\/strong><\/p><p>We will only retain the information for as long as is necessary to fulfill the purposes set out in this Privacy Policy. After that, we will delete the information unless we are required to retain the information by law or by the contractual rights and obligations of the parties.<\/p><p><strong>7. Rights<\/strong><\/p><p>An individual user (data subject under data protection law) has the following rights under data protection law:<\/p><p>\u2022 The User has the right to request access to personal data concerning the User from the Service Provider and the right to request correction or deletion of such data within the limits and in accordance with data protection legislation. The User can view his\/her data by logging into the Service using his\/her username and password.<\/p><p>\u2022 The user has the right to request restriction of processing or object to processing for direct marketing purposes within the limits and in accordance with data protection legislation;<\/p><p>\u2022 The user has the right to transfer data from one system to another, i.e. to receive personal data concerning him or her in a structured and commonly used format, and to transfer it to another controller within the limits and in accordance with data protection legislation;<\/p><p>\u2022 The user has the right to file a complaint with the data protection authority if he or she believes that his or her statutory rights have been violated. In Finland, the supervisory authority is the Data Protection Ombudsman. You can find the contact information for the Data Protection Ombudsman via the link below.<\/p><p>The above requests can be sent to minna@3kreisia.fi.<\/p><p><strong>8. Data protection<\/strong><\/p><p>The Service Provider has implemented the necessary technical and organizational measures to protect personal data from unauthorized access to the data and from accidental or unlawful destruction, alteration, disclosure, transfer or other unlawful processing. We limit access to the data only to employees and contractors who have a need to know the data for their work, for example to respond to contacts or to develop the Service. Please note that although we strive to secure the data, no system can prevent all data security breaches.<\/p><p><strong>9. Changing the Privacy Policy<\/strong><\/p><p>The Service Provider reserves the right to change and update this Privacy Policy. If we make changes to this Privacy Policy, we will post a notice on our website, where the user will also find the latest version of the Privacy Policy.<\/p>\t\t\t\t\t\t\t\t<\/div>\n\t\t\t\t\t<\/div>\n\t\t\t\t<\/div>\n\t\t\t\t<\/div>","protected":false},"excerpt":{"rendered":"<p>3 Kreisi\u00e4 Oy tietosuojaseloste T\u00e4m\u00e4 tietosuojak\u00e4yt\u00e4nt\u00f6 (\u201dTietosuojak\u00e4yt\u00e4nt\u00f6\u201d) soveltuu henkil\u00f6tietojen k\u00e4sittelyyn osoitteessa www.peutatrail.fi saatavilla olevalla verkkosivustolla ja siin\u00e4 olevaan palvelussa (\u201cPalvelu\u201d) sek\u00e4 palveluun liittyv\u00e4ss\u00e4 mobiliisovelluksessa. Tietosuojak\u00e4yt\u00e4nn\u00f6n tarkoituksena on kertoa, miksi ja miten Palveluntarjoaja ker\u00e4\u00e4 henkil\u00f6tietoja ja mihin tarkoituksiin henkil\u00f6tietoja k\u00e4ytet\u00e4\u00e4n ja luovutetaan. Luethan Tietosuojak\u00e4yt\u00e4nn\u00f6n huolellisesti etuk\u00e4teen ennen Palvelun k\u00e4yt\u00f6n aloittamista. 1. Rekisterinpit\u00e4j\u00e4 Tietosuojalains\u00e4\u00e4d\u00e4nn\u00f6n mukaisena rekisterinpit\u00e4j\u00e4n\u00e4 toimii [&hellip;]<\/p>","protected":false},"author":1,"featured_media":0,"parent":0,"menu_order":0,"comment_status":"closed","ping_status":"closed","template":"","meta":{"inline_featured_image":false,"footnotes":""},"class_list":["post-2527","page","type-page","status-publish","hentry"],"_links":{"self":[{"href":"https:\/\/www.peuratrail.fi\/en\/wp-json\/wp\/v2\/pages\/2527","targetHints":{"allow":["GET"]}}],"collection":[{"href":"https:\/\/www.peuratrail.fi\/en\/wp-json\/wp\/v2\/pages"}],"about":[{"href":"https:\/\/www.peuratrail.fi\/en\/wp-json\/wp\/v2\/types\/page"}],"author":[{"embeddable":true,"href":"https:\/\/www.peuratrail.fi\/en\/wp-json\/wp\/v2\/users\/1"}],"replies":[{"embeddable":true,"href":"https:\/\/www.peuratrail.fi\/en\/wp-json\/wp\/v2\/comments?post=2527"}],"version-history":[{"count":4,"href":"https:\/\/www.peuratrail.fi\/en\/wp-json\/wp\/v2\/pages\/2527\/revisions"}],"predecessor-version":[{"id":2531,"href":"https:\/\/www.peuratrail.fi\/en\/wp-json\/wp\/v2\/pages\/2527\/revisions\/2531"}],"wp:attachment":[{"href":"https:\/\/www.peuratrail.fi\/en\/wp-json\/wp\/v2\/media?parent=2527"}],"curies":[{"name":"wp","href":"https:\/\/api.w.org\/{rel}","templated":true}]}}