{"id":2777,"date":"2026-01-20T18:53:48","date_gmt":"2026-01-20T16:53:48","guid":{"rendered":"https:\/\/www.peuratrail.fi\/?page_id=2777"},"modified":"2026-01-24T14:07:49","modified_gmt":"2026-01-24T12:07:49","slug":"sign-up-to-volunteer","status":"publish","type":"page","link":"https:\/\/www.peuratrail.fi\/en\/sign-up-to-volunteer\/","title":{"rendered":"Sign up to volunteer"},"content":{"rendered":"<div data-elementor-type=\"wp-page\" data-elementor-id=\"2777\" class=\"elementor elementor-2777\" data-elementor-post-type=\"page\">\n\t\t\t\t<div class=\"elementor-element elementor-element-65a6615 e-flex e-con-boxed e-con e-parent\" data-id=\"65a6615\" data-element_type=\"container\">\n\t\t\t\t\t<div class=\"e-con-inner\">\n\t\t<div class=\"elementor-element elementor-element-296f89e e-con-full e-flex e-con e-child\" data-id=\"296f89e\" data-element_type=\"container\">\n\t\t\t\t<div class=\"elementor-element elementor-element-7802a02 elementor-widget elementor-widget-text-editor\" data-id=\"7802a02\" data-element_type=\"widget\" data-widget_type=\"text-editor.default\">\n\t\t\t\t\t\t\t\t\t<p>Peura Trail offers nice volunteer jobs in maintenance, timing, and other tasks.<\/p><p>Come join us for volunteer work. We provide a volunteer shirt, food, and a good mood!<\/p>\t\t\t\t\t\t\t\t<\/div>\n\t\t\t\t<\/div>\n\t\t<div class=\"elementor-element elementor-element-81d79e7 e-con-full e-flex e-con e-child\" data-id=\"81d79e7\" data-element_type=\"container\">\n\t\t\t\t<div class=\"elementor-element elementor-element-216d32b elementor-widget elementor-widget-image\" data-id=\"216d32b\" data-element_type=\"widget\" data-widget_type=\"image.default\">\n\t\t\t\t\t\t\t\t\t\t\t\t\t\t\t<img fetchpriority=\"high\" decoding=\"async\" width=\"800\" height=\"533\" src=\"https:\/\/www.peuratrail.fi\/wp-content\/uploads\/2026\/01\/IMG_0221-1-1024x682.jpg\" class=\"attachment-large size-large wp-image-2780\" alt=\"\" srcset=\"https:\/\/www.peuratrail.fi\/wp-content\/uploads\/2026\/01\/IMG_0221-1-1024x682.jpg 1024w, https:\/\/www.peuratrail.fi\/wp-content\/uploads\/2026\/01\/IMG_0221-1-300x200.jpg 300w, https:\/\/www.peuratrail.fi\/wp-content\/uploads\/2026\/01\/IMG_0221-1-768x512.jpg 768w, https:\/\/www.peuratrail.fi\/wp-content\/uploads\/2026\/01\/IMG_0221-1-1536x1024.jpg 1536w, https:\/\/www.peuratrail.fi\/wp-content\/uploads\/2026\/01\/IMG_0221-1-18x12.jpg 18w, https:\/\/www.peuratrail.fi\/wp-content\/uploads\/2026\/01\/IMG_0221-1-600x400.jpg 600w, https:\/\/www.peuratrail.fi\/wp-content\/uploads\/2026\/01\/IMG_0221-1.jpg 2000w\" sizes=\"(max-width: 800px) 100vw, 800px\" \/>\t\t\t\t\t\t\t\t\t\t\t\t\t\t\t<\/div>\n\t\t\t\t<\/div>\n\t\t\t\t\t<\/div>\n\t\t\t\t<\/div>\n\t\t<div class=\"elementor-element elementor-element-1ecc861 e-flex e-con-boxed e-con e-parent\" data-id=\"1ecc861\" data-element_type=\"container\">\n\t\t\t\t\t<div class=\"e-con-inner\">\n\t\t\t\t<div class=\"elementor-element elementor-element-c4fb1f5 elementor-widget elementor-widget-heading\" data-id=\"c4fb1f5\" data-element_type=\"widget\" data-widget_type=\"heading.default\">\n\t\t\t\t\t<h2 class=\"elementor-heading-title elementor-size-default\">Sign up to volunteer<\/h2>\t\t\t\t<\/div>\n\t\t\t\t<div class=\"elementor-element elementor-element-af05426 elementor-button-align-stretch elementor-widget elementor-widget-form\" data-id=\"af05426\" data-element_type=\"widget\" data-settings=\"{&quot;step_next_label&quot;:&quot;Next&quot;,&quot;step_previous_label&quot;:&quot;Previous&quot;,&quot;button_width&quot;:&quot;100&quot;,&quot;step_type&quot;:&quot;number_text&quot;,&quot;step_icon_shape&quot;:&quot;circle&quot;}\" data-widget_type=\"form.default\">\n\t\t\t\t\t\t\t<form class=\"elementor-form\" method=\"post\" name=\"Vapaaehtoiseksi\" aria-label=\"To volunteer\" action=\"\">\n\t\t\t<input type=\"hidden\" name=\"post_id\" value=\"2777\"\/>\n\t\t\t<input type=\"hidden\" name=\"form_id\" value=\"af05426\"\/>\n\t\t\t<input type=\"hidden\" name=\"referer_title\" value=\"Ilmoittaudu vapaaehtoiseksi - Peura Trail\" \/>\n\n\t\t\t\t\t\t\t<input type=\"hidden\" name=\"queried_id\" value=\"2777\"\/>\n\t\t\t\n\t\t\t<div class=\"elementor-form-fields-wrapper elementor-labels-above\">\n\t\t\t\t\t\t\t\t<div class=\"elementor-field-type-text elementor-field-group elementor-column elementor-field-group-name elementor-col-100\">\n\t\t\t\t\t\t\t\t\t\t\t\t<label for=\"form-field-name\" class=\"elementor-field-label\">\n\t\t\t\t\t\t\t\tName\t\t\t\t\t\t\t<\/label>\n\t\t\t\t\t\t\t\t\t\t\t\t\t\t<input size=\"1\" type=\"text\" name=\"form_fields[name]\" id=\"form-field-name\" class=\"elementor-field elementor-size-sm  elementor-field-textual\" placeholder=\"Name\">\n\t\t\t\t\t\t\t\t\t\t\t<\/div>\n\t\t\t\t\t\t\t\t<div class=\"elementor-field-type-text elementor-field-group elementor-column elementor-field-group-field_d1e3d45 elementor-col-100\">\n\t\t\t\t\t\t\t\t\t\t\t\t<label for=\"form-field-field_d1e3d45\" class=\"elementor-field-label\">\n\t\t\t\t\t\t\t\tTelephone number\t\t\t\t\t\t\t<\/label>\n\t\t\t\t\t\t\t\t\t\t\t\t\t\t<input size=\"1\" type=\"text\" name=\"form_fields[field_d1e3d45]\" id=\"form-field-field_d1e3d45\" class=\"elementor-field elementor-size-sm  elementor-field-textual\" placeholder=\"Telephone number\">\n\t\t\t\t\t\t\t\t\t\t\t<\/div>\n\t\t\t\t\t\t\t\t<div class=\"elementor-field-type-email elementor-field-group elementor-column elementor-field-group-email elementor-col-100 elementor-field-required\">\n\t\t\t\t\t\t\t\t\t\t\t\t<label for=\"form-field-email\" class=\"elementor-field-label\">\n\t\t\t\t\t\t\t\tE-mail\t\t\t\t\t\t\t<\/label>\n\t\t\t\t\t\t\t\t\t\t\t\t\t\t<input size=\"1\" type=\"email\" name=\"form_fields[email]\" id=\"form-field-email\" class=\"elementor-field elementor-size-sm  elementor-field-textual\" placeholder=\"E-mail\" required=\"required\">\n\t\t\t\t\t\t\t\t\t\t\t<\/div>\n\t\t\t\t\t\t\t\t<div class=\"elementor-field-type-textarea elementor-field-group elementor-column elementor-field-group-message elementor-col-100\">\n\t\t\t\t\t\t\t\t\t\t\t\t<label for=\"form-field-message\" class=\"elementor-field-label\">\n\t\t\t\t\t\t\t\tMessage\t\t\t\t\t\t\t<\/label>\n\t\t\t\t\t\t<textarea class=\"elementor-field-textual elementor-field  elementor-size-sm\" name=\"form_fields[message]\" id=\"form-field-message\" rows=\"4\" placeholder=\"Message\"><\/textarea>\t\t\t\t<\/div>\n\t\t\t\t\t\t\t\t<div class=\"elementor-field-group elementor-column elementor-field-type-submit elementor-col-100 e-form__buttons\">\n\t\t\t\t\t<button class=\"elementor-button elementor-size-md\" type=\"submit\">\n\t\t\t\t\t\t<span class=\"elementor-button-content-wrapper\">\n\t\t\t\t\t\t\t\t\t\t\t\t\t\t\t\t\t\t\t\t\t\t<span class=\"elementor-button-text\">Close in<\/span>\n\t\t\t\t\t\t\t\t\t\t\t\t\t<\/span>\n\t\t\t\t\t<\/button>\n\t\t\t\t<\/div>\n\t\t\t<\/div>\n\t\t<input type=\"hidden\" name=\"trp-form-language\" value=\"en\"\/><\/form>\n\t\t\t\t\t\t<\/div>\n\t\t\t\t\t<\/div>\n\t\t\t\t<\/div>\n\t\t\t\t<\/div>","protected":false},"excerpt":{"rendered":"<p>Peura Traililla on tarjolla mukavia talkoohommia huollossa, ajanotossa sek\u00e4 muissa teht\u00e4viss\u00e4. L\u00e4hde mukaan vapaaehtoisty\u00f6h\u00f6n. Tarjoamme talkoopaidan, ruokailun ja hyv\u00e4n mielen! Ilmoittaudu vapaaehtoiseksi<\/p>","protected":false},"author":1,"featured_media":0,"parent":0,"menu_order":0,"comment_status":"closed","ping_status":"closed","template":"","meta":{"inline_featured_image":false,"footnotes":""},"class_list":["post-2777","page","type-page","status-publish","hentry"],"_links":{"self":[{"href":"https:\/\/www.peuratrail.fi\/en\/wp-json\/wp\/v2\/pages\/2777","targetHints":{"allow":["GET"]}}],"collection":[{"href":"https:\/\/www.peuratrail.fi\/en\/wp-json\/wp\/v2\/pages"}],"about":[{"href":"https:\/\/www.peuratrail.fi\/en\/wp-json\/wp\/v2\/types\/page"}],"author":[{"embeddable":true,"href":"https:\/\/www.peuratrail.fi\/en\/wp-json\/wp\/v2\/users\/1"}],"replies":[{"embeddable":true,"href":"https:\/\/www.peuratrail.fi\/en\/wp-json\/wp\/v2\/comments?post=2777"}],"version-history":[{"count":7,"href":"https:\/\/www.peuratrail.fi\/en\/wp-json\/wp\/v2\/pages\/2777\/revisions"}],"predecessor-version":[{"id":2808,"href":"https:\/\/www.peuratrail.fi\/en\/wp-json\/wp\/v2\/pages\/2777\/revisions\/2808"}],"wp:attachment":[{"href":"https:\/\/www.peuratrail.fi\/en\/wp-json\/wp\/v2\/media?parent=2777"}],"curies":[{"name":"wp","href":"https:\/\/api.w.org\/{rel}","templated":true}]}}