{"id":483,"date":"2024-02-27T21:56:19","date_gmt":"2024-02-27T19:56:19","guid":{"rendered":"https:\/\/www.peuratrail.fi\/?page_id=483"},"modified":"2025-05-09T08:26:36","modified_gmt":"2025-05-09T05:26:36","slug":"contact-information","status":"publish","type":"page","link":"https:\/\/www.peuratrail.fi\/en\/contact-information\/","title":{"rendered":"Contact"},"content":{"rendered":"<div data-elementor-type=\"wp-page\" data-elementor-id=\"483\" class=\"elementor elementor-483\" data-elementor-post-type=\"page\">\n\t\t\t\t<div class=\"elementor-element elementor-element-4878b96 e-flex e-con-boxed e-con e-parent\" data-id=\"4878b96\" data-element_type=\"container\" data-e-type=\"container\">\n\t\t\t\t\t<div class=\"e-con-inner\">\n\t\t<div class=\"elementor-element elementor-element-28994f4 e-con-full e-flex e-con e-child\" data-id=\"28994f4\" data-element_type=\"container\" data-e-type=\"container\">\n\t\t\t\t<div class=\"elementor-element elementor-element-72818cd elementor-widget elementor-widget-heading\" data-id=\"72818cd\" data-element_type=\"widget\" data-e-type=\"widget\" data-widget_type=\"heading.default\">\n\t\t\t\t\t<h4 class=\"elementor-heading-title elementor-size-default\">Event center<\/h4>\t\t\t\t<\/div>\n\t\t\t\t<div class=\"elementor-element elementor-element-823a659 elementor-widget elementor-widget-heading\" data-id=\"823a659\" data-element_type=\"widget\" data-e-type=\"widget\" data-widget_type=\"heading.default\">\n\t\t\t\t\t<h3 class=\"elementor-heading-title elementor-size-default\">Pet\u00e4j\u00e4m\u00e4ki outdoor center<\/h3>\t\t\t\t<\/div>\n\t\t\t\t<div class=\"elementor-element elementor-element-b3ac474 elementor-widget elementor-widget-text-editor\" data-id=\"b3ac474\" data-element_type=\"widget\" data-e-type=\"widget\" data-widget_type=\"text-editor.default\">\n\t\t\t\t\t\t\t\t\t<p>Rintalantie 88, Reisj\u00e4rvi<br \/><a href=\"https:\/\/maps.app.goo.gl\/jakQp9moj4fdR2gR6\">look on the map<\/a><\/p>\t\t\t\t\t\t\t\t<\/div>\n\t\t\t\t<\/div>\n\t\t<div class=\"elementor-element elementor-element-896bde1 e-con-full e-flex e-con e-child\" data-id=\"896bde1\" data-element_type=\"container\" data-e-type=\"container\">\n\t\t\t\t<div class=\"elementor-element elementor-element-dc9a0f3 elementor-widget elementor-widget-heading\" data-id=\"dc9a0f3\" data-element_type=\"widget\" data-e-type=\"widget\" data-widget_type=\"heading.default\">\n\t\t\t\t\t<h4 class=\"elementor-heading-title elementor-size-default\">Event manager<\/h4>\t\t\t\t<\/div>\n\t\t\t\t<div class=\"elementor-element elementor-element-dc3ee1a elementor-widget elementor-widget-heading\" data-id=\"dc3ee1a\" data-element_type=\"widget\" data-e-type=\"widget\" data-widget_type=\"heading.default\">\n\t\t\t\t\t<h3 class=\"elementor-heading-title elementor-size-default\">Minna Muhonen<\/h3>\t\t\t\t<\/div>\n\t\t\t\t<div class=\"elementor-element elementor-element-5d34602 elementor-widget elementor-widget-text-editor\" data-id=\"5d34602\" data-element_type=\"widget\" data-e-type=\"widget\" data-widget_type=\"text-editor.default\">\n\t\t\t\t\t\t\t\t\t<p><a href=\"tel:0400194031\">040 019 4031<\/a><br \/><a href=\"mailto:minna@3kreisia.fi\">minna@3kreisia.fi<\/a><\/p>\t\t\t\t\t\t\t\t<\/div>\n\t\t\t\t<\/div>\n\t\t\t\t\t<\/div>\n\t\t\t\t<\/div>\n\t\t\t\t<\/div>","protected":false},"excerpt":{"rendered":"<p>Event Center Pet\u00e4j\u00e4m\u00e4ki Outdoor Recreation Center Rintalantie 88, Reisj\u00e4rvisee on map Event Director Minna Muhonen 040 019 4031minna@3kreisia.fi<\/p>","protected":false},"author":1,"featured_media":0,"parent":0,"menu_order":0,"comment_status":"closed","ping_status":"closed","template":"","meta":{"inline_featured_image":false,"footnotes":""},"class_list":["post-483","page","type-page","status-publish","hentry"],"_links":{"self":[{"href":"https:\/\/www.peuratrail.fi\/en\/wp-json\/wp\/v2\/pages\/483","targetHints":{"allow":["GET"]}}],"collection":[{"href":"https:\/\/www.peuratrail.fi\/en\/wp-json\/wp\/v2\/pages"}],"about":[{"href":"https:\/\/www.peuratrail.fi\/en\/wp-json\/wp\/v2\/types\/page"}],"author":[{"embeddable":true,"href":"https:\/\/www.peuratrail.fi\/en\/wp-json\/wp\/v2\/users\/1"}],"replies":[{"embeddable":true,"href":"https:\/\/www.peuratrail.fi\/en\/wp-json\/wp\/v2\/comments?post=483"}],"version-history":[{"count":16,"href":"https:\/\/www.peuratrail.fi\/en\/wp-json\/wp\/v2\/pages\/483\/revisions"}],"predecessor-version":[{"id":1660,"href":"https:\/\/www.peuratrail.fi\/en\/wp-json\/wp\/v2\/pages\/483\/revisions\/1660"}],"wp:attachment":[{"href":"https:\/\/www.peuratrail.fi\/en\/wp-json\/wp\/v2\/media?parent=483"}],"curies":[{"name":"wp","href":"https:\/\/api.w.org\/{rel}","templated":true}]}}