{"id":787,"date":"2024-06-10T11:28:02","date_gmt":"2024-06-10T08:28:02","guid":{"rendered":"https:\/\/www.peuratrail.fi\/?page_id=787"},"modified":"2025-06-03T14:01:17","modified_gmt":"2025-06-03T11:01:17","slug":"terms-of-delivery","status":"publish","type":"page","link":"https:\/\/www.peuratrail.fi\/en\/terms-of-delivery\/","title":{"rendered":"Terms of delivery"},"content":{"rendered":"<pre class=\"wp-block-preformatted\"><br><br>3 Kreis\u00e4i Oy, 3441363-9 (hereinafter the online store) sells products to private individuals in Finland. We reserve the right to change delivery terms and prices. Product prices include VAT.<br><br>Online store contact information<br><br>Email: feelwellwithminna@gmail.com<br>Phone: 0400 194 031<br>Postal address: c\/o Business Torsti Oy Parkkilantie 1, 85900 Reisj\u00e4rvi<br><br>Ordering<br><br>The products to be ordered are selected on the website by adding them to the shopping cart. The order is sent by paying for the contents of the shopping cart in the checkout function of the online store. By placing an order, you accept these terms of delivery, product prices and delivery costs. If an e-mail address is given at the time of ordering, an order confirmation will be sent by e-mail. The order confirmation shows the ordered products and the price.<br><br>Payment<br><br>Visma Pay (Visma Payments Oy, business ID 2486559-4), which is registered in the register of payment institutions maintained by the Financial Supervisory Authority, acts as the payment intermediary for the online store. Payment is made via Visma Pay&#039;s online service, and Visma Pay or Visma Payments Oy is shown as the payee on the account statement and invoice. Visma Pay forwards the payments to the online retailer. Payment is safe, because all information about the payment transaction is transmitted using an encrypted connection so that no outside party can see the payment transaction information.<br><br>The transaction is created between the customer of the online store and the online store. The online store is responsible for all obligations related to the store.<br><br>Read more about Visma Pay: https:\/\/www.vismapay.fi\/<br><br>Payment methods<br><br>Via the Visma Pay service, you can pay with online banking credentials, wallet, payment cards (credit\/debit), invoice or installment payment. The following payment methods are available: Osuuspankki, Nordea, Danske Bank, Oma S\u00e4\u00e4st\u00f6pankki, S\u00e4\u00e4st\u00f6pankki, Aktia, Paikallissouuspankkit, S-Pankki, Handelsbanken, \u00c5landsbanken, MobilePay, Pivo, Visa, Visa Debit, Visa Electron, MasterCard and Debit MasterCard - cards, and Alisa Invoice and Alisa Business Invoice.<br><br>MobilePay: You can pay with your MobilePay wallet if you have enabled payment in online stores in the application&#039;s settings. Payments made with the MobilePay wallet are charged from the payment card attached to the wallet. If charging the payment from the payment card fails, paying with the MobilePay wallet is not possible in the online store.<br><br>Pivo: Terms of use are available on Pivo&#039;s website: https:\/\/pivo.fi\/kayttoehdot\/pivon-kayttoehdot\/<br><br>OP Invoice - A flexible way to pay for online purchases. For customers of all banks. With OP Invoice, you can make purchases of up to 5,000 euros and pay them off interest-free within 45 days. If you wish, you can split the invoice into several installments. Your purchases are shown in one place, so you can easily stay informed about the use of money. With a credit limit, you keep your consumption within the limits you want. You can conveniently receive invoices in your e-mail. In our online service, you can see information about your use of OP Invoice and the amount of your purchases. You can use OP Invoice if you are over 20 years old with the ability to pay, and you have the domain names of a Finnish bank. You can find more information about the OP Invoice at: https:\/\/www.op.fi\/henkiloasiakkaat\/paivittaiset\/maksaminen\/op-lasku<br><br>Alisa Invoice is a flexible and safe payment method. The payment method is suitable for all consumers over the age of 20 for all types of purchases. If you wish, you can split the bill into smaller parts and pay back in up to 60 installments. You can find more information about Alisa Laskuu at: https:\/\/www.alisapankki.fi\/<br><br>Alisa Yrityslaku is a flexible and safe payment method for companies. The payment method is suitable for all Finnish companies, regardless of their corporate form. The buyer&#039;s right to purchase is fully verified digitally and the purchase takes only a few minutes. The company can itself choose a suitable payment period from three different options: 14 days, 30 days or 60 days. You can find more information about Alisa Business Invoice at: https:\/\/www.alisapankki.fi\/<br><br>Visma Pay payment service contact information<br><br>Visma Payments Oy (Y-ID 2486559-4)<br>Email: helpdesk@vismapay.com<br>Phone: 09 315 42 037 (weekdays 9 a.m. to 4 p.m.)<br>Postal address: Brahenkatu 4, 53100 Lappeenranta<br><br>Delivery<br><br>Orders are mailed on weekdays. The delivery time for products delivered from the warehouse is usually 3-5 business days. If the delivered products are order products, the delivery time is usually 1-3 weeks. Delivery costs are determined by the chosen delivery method, possible additional services, weight and size of the order. You can see the shipping costs in the checkout function of the online store before the final acceptance of the order.<br><br>If the product is lost or damaged during delivery, this must be reported to the online store immediately, but within 14 days. Packages damaged during delivery must be reported to the company responsible for delivery without delay. <br><br>Returns<br><br>The online store customer has a 14-day right of exchange and return in accordance with the Consumer Protection Act. The right of return does not apply to registration for a sporting event. The customer has the right to exchange or return some or all of the products in the order. The products to be returned or exchanged must be in their original packaging and in saleable condition. If you wish to return or exchange products, please first contact the online store and ask for return instructions. Please include your name, contact information and account number with the return for a possible refund.<br><br>Order cancellation, error liability and complaints<br><br>Before the order is delivered, the order can be canceled with a written notification by e-mail.<br><br>The online store has statutory error liability for the products sold. In cases of complaints, please contact our customer service. The consumer has the right to refer potential disputes to the Consumer Disputes Board.<\/pre>","protected":false},"excerpt":{"rendered":"<p>3 Kreisi\u00e4 Oy, 3441363-9 (j\u00e4ljemp\u00e4n\u00e4 verkkokauppa) myy tuotteita yksityishenkil\u00f6ille Suomeen. Pid\u00e4t\u00e4mme oikeuden toimitusehtojen ja hintojen muutoksiin. Tuotteiden hinnat sis\u00e4lt\u00e4v\u00e4t arvonlis\u00e4veron.Verkkokaupan yhteystiedotS\u00e4hk\u00f6posti: feelwellwithminna@gmail.comPuhelin: 0400 194 031Postiosoite: c\/o Business Torsti Oy Parkkilantie 1, 85900 Reisj\u00e4rviTilaaminenTilattavat tuotteet valitaan verkkosivuilla lis\u00e4\u00e4m\u00e4ll\u00e4 ne ostoskoriin. Tilaus l\u00e4hetet\u00e4\u00e4n maksamalla ostoskorin sis\u00e4lt\u00f6 verkkokaupan kassatoiminnossa. Tehdess\u00e4si tilauksen hyv\u00e4ksyt n\u00e4m\u00e4 toimitusehdot, tuotteiden hinnat sek\u00e4 toimituskulut. [&hellip;]<\/p>","protected":false},"author":1,"featured_media":0,"parent":0,"menu_order":0,"comment_status":"closed","ping_status":"closed","template":"","meta":{"inline_featured_image":false,"footnotes":""},"class_list":["post-787","page","type-page","status-publish","hentry"],"_links":{"self":[{"href":"https:\/\/www.peuratrail.fi\/en\/wp-json\/wp\/v2\/pages\/787","targetHints":{"allow":["GET"]}}],"collection":[{"href":"https:\/\/www.peuratrail.fi\/en\/wp-json\/wp\/v2\/pages"}],"about":[{"href":"https:\/\/www.peuratrail.fi\/en\/wp-json\/wp\/v2\/types\/page"}],"author":[{"embeddable":true,"href":"https:\/\/www.peuratrail.fi\/en\/wp-json\/wp\/v2\/users\/1"}],"replies":[{"embeddable":true,"href":"https:\/\/www.peuratrail.fi\/en\/wp-json\/wp\/v2\/comments?post=787"}],"version-history":[{"count":2,"href":"https:\/\/www.peuratrail.fi\/en\/wp-json\/wp\/v2\/pages\/787\/revisions"}],"predecessor-version":[{"id":1814,"href":"https:\/\/www.peuratrail.fi\/en\/wp-json\/wp\/v2\/pages\/787\/revisions\/1814"}],"wp:attachment":[{"href":"https:\/\/www.peuratrail.fi\/en\/wp-json\/wp\/v2\/media?parent=787"}],"curies":[{"name":"wp","href":"https:\/\/api.w.org\/{rel}","templated":true}]}}