{"id":1196,"date":"2024-10-26T17:25:55","date_gmt":"2024-10-26T14:25:55","guid":{"rendered":"https:\/\/www.peuratrail.fi\/?post_type=product&#038;p=1196"},"modified":"2026-02-27T11:06:51","modified_gmt":"2026-02-27T09:06:51","slug":"food","status":"publish","type":"product","link":"https:\/\/www.peuratrail.fi\/en\/product-2\/food\/","title":{"rendered":"Eating"},"content":{"rendered":"","protected":false},"excerpt":{"rendered":"<p><span style=\"font-weight: 400;\">Ruokalistalla kanapasta, kaali-porkkanasalaatti, leip\u00e4, levite, vesi\/mehu ja kahvi.<\/span> Laktoositon. Tarjolla my\u00f6s kasvisvaihtoehto (tarkentuu my\u00f6hemmin) Ilmoita lis\u00e4tiedoissa mahdollinen erityisruokavalio (gluteeniton, maidoton, kasvis). Ruoka on tarjolla tapahtumakeskuksessa suorituksen j\u00e4lkeen.<\/p>","protected":false},"featured_media":1226,"template":"","meta":{"inline_featured_image":false},"product_brand":[],"product_cat":[21],"product_tag":[],"class_list":{"0":"post-1196","1":"product","2":"type-product","3":"status-publish","4":"has-post-thumbnail","6":"product_cat-yleinen","8":"first","9":"instock","10":"sale","11":"virtual","12":"taxable","13":"purchasable","14":"product-type-simple"},"_links":{"self":[{"href":"https:\/\/www.peuratrail.fi\/en\/wp-json\/wp\/v2\/product\/1196","targetHints":{"allow":["GET"]}}],"collection":[{"href":"https:\/\/www.peuratrail.fi\/en\/wp-json\/wp\/v2\/product"}],"about":[{"href":"https:\/\/www.peuratrail.fi\/en\/wp-json\/wp\/v2\/types\/product"}],"wp:featuredmedia":[{"embeddable":true,"href":"https:\/\/www.peuratrail.fi\/en\/wp-json\/wp\/v2\/media\/1226"}],"wp:attachment":[{"href":"https:\/\/www.peuratrail.fi\/en\/wp-json\/wp\/v2\/media?parent=1196"}],"wp:term":[{"taxonomy":"product_brand","embeddable":true,"href":"https:\/\/www.peuratrail.fi\/en\/wp-json\/wp\/v2\/product_brand?post=1196"},{"taxonomy":"product_cat","embeddable":true,"href":"https:\/\/www.peuratrail.fi\/en\/wp-json\/wp\/v2\/product_cat?post=1196"},{"taxonomy":"product_tag","embeddable":true,"href":"https:\/\/www.peuratrail.fi\/en\/wp-json\/wp\/v2\/product_tag?post=1196"}],"curies":[{"name":"wp","href":"https:\/\/api.w.org\/{rel}","templated":true}]}}